

{"id":382,"date":"2018-01-31T23:02:04","date_gmt":"2018-02-01T01:02:04","guid":{"rendered":"https:\/\/shortmotorsport.com\/loja\/?page_id=382"},"modified":"2018-05-03T17:30:55","modified_gmt":"2018-05-03T20:30:55","slug":"politica-de-entrega","status":"publish","type":"page","link":"https:\/\/shortmotorsport.com\/loja\/politica-de-entrega\/","title":{"rendered":"Pol\u00edtica de Entrega"},"content":{"rendered":"<h2>Entrega<\/h2>\n<p>O prazo para entrega dos produtos comprados pela nossa loja online varia de acordo com o local solicitado para entrega da encomenda, forma de pagamento escolhida e disponibilidade do produto adquirido.<\/p>\n<p>Vale ainda lembrar que as entregas s\u00e3o terceirizadas, sendo realizadas pelos Correios, finalizar a compra corrobora em se aceitar que a mesma seja enviada e entregue pelo servi\u00e7o postal dos Correios do Brasil. Ao colocar o seu CEP no carrinho de compras, aparecer\u00e1 o prazo m\u00e9dio de entrega para sua regi\u00e3o.<\/p>\n<p>Oferecemos Frete Gr\u00e1tis via PAC dos Correios, ou Sedex para as localidades onde n\u00e3o h\u00e1 PAC, para entrega em todo o Brasil.<\/p>\n<p>Pol\u00edtica de entrega: O produto comprado, ser\u00e1 entregue pelos Correios no endere\u00e7o do Destinat\u00e1rio, conforme preenchimento dos dados ao efetuar a compra do seu pedido. Poder\u00e1 ocorrer , conforme log\u00edstica dos Correios, do comprador ser solicitado a ir retirar o seu produto, na ag\u00eancia dos Correios mais pr\u00f3xima do Destinat\u00e1rio.<\/p>\n<p>Como somos os fabricantes dos produtos anunciados neste e-commerce, advertimos que alguns produtos podem ter um prazo de postagem maior, de at\u00e9 cinco (5) dias, a depender da situa\u00e7\u00e3o do nosso estoque para o produto comprado.<\/p>\n<h2>Short Motorsport<\/h2>\n<p>O prazo de entrega de uma compra cujo pagamento seja feito atrav\u00e9s de boleto banc\u00e1rio, pago em qualquer ag\u00eancia banc\u00e1ria ou pela internet, atrav\u00e9s de servi\u00e7o de internet banking, <strong>passa a contar somente ap\u00f3s a emiss\u00e3o da nota fiscal da compra<\/strong>, ou seja, voc\u00ea comprador receber\u00e1 um e-mail com sua NF-e, evento que marca o in\u00edcio do prazo. A emiss\u00e3o da nota fiscal eletr\u00f4nica \u00e9 feita ap\u00f3s a confirma\u00e7\u00e3o de pagamento junto ao banco. A confirma\u00e7\u00e3o pode levar at\u00e9 tr\u00eas (3) dias \u00fateis.<\/p>\n<h2>Importante:<\/h2>\n<ul>\n<li>Os produtos s\u00e3o entregues em sua casa, da forma mais r\u00e1pida, segura e econ\u00f4mica. O frete ser\u00e1 calculado automaticamente pelo sistema, em fun\u00e7\u00e3o do peso total das mercadorias, o local de entrega e o valor total de seu pedido.<\/li>\n<li><strong>Se a caixa que acondiciona o produto estiver violada, recuse o recebimento e entre em contato conosco<\/strong>\u00a0usando a nossa p\u00e1gina de contato neste mesmo site, ou clique <a href=\"https:\/\/shortmotorsport.com\/loja\/contato\/\">aqui<\/a>.<\/li>\n<\/ul>\n","protected":false},"excerpt":{"rendered":"<p>Entrega O prazo para entrega dos produtos comprados pela nossa loja online varia de acordo com o local solicitado para entrega da encomenda, forma de pagamento escolhida e disponibilidade do produto adquirido. Vale ainda lembrar que as entregas s\u00e3o terceirizadas, sendo realizadas pelos Correios, finalizar a compra corrobora em se aceitar que a mesma seja [&hellip;]<\/p>\n","protected":false},"author":1,"featured_media":0,"parent":0,"menu_order":0,"comment_status":"closed","ping_status":"closed","template":"","meta":{"footnotes":""},"yoast_head":"<!-- This site is optimized with the Yoast SEO plugin v22.2 - https:\/\/yoast.com\/wordpress\/plugins\/seo\/ -->\n<title>Pol\u00edtica de Entrega -<\/title>\n<meta name=\"description\" content=\"Somos os maiores fabricantes de bolhas e para-brisas para motos do Brasil! Venha conhecer nossa loja e encontre o modelo ideal para sua moto.\" \/>\n<meta name=\"robots\" content=\"index, follow, max-snippet:-1, max-image-preview:large, max-video-preview:-1\" \/>\n<link rel=\"canonical\" href=\"https:\/\/shortmotorsport.com\/loja\/politica-de-entrega\/\" \/>\n<meta property=\"og:locale\" content=\"pt_BR\" \/>\n<meta property=\"og:type\" content=\"article\" \/>\n<meta property=\"og:title\" content=\"Pol\u00edtica de Entrega -\" \/>\n<meta property=\"og:description\" content=\"Somos os maiores fabricantes de bolhas e para-brisas para motos do Brasil! Venha conhecer nossa loja e encontre o modelo ideal para sua moto.\" \/>\n<meta property=\"og:url\" content=\"https:\/\/shortmotorsport.com\/loja\/politica-de-entrega\/\" \/>\n<meta property=\"article:publisher\" content=\"https:\/\/www.facebook.com\/shortmotorsport\/\" \/>\n<meta property=\"article:modified_time\" content=\"2018-05-03T20:30:55+00:00\" \/>\n<meta name=\"twitter:card\" content=\"summary_large_image\" \/>\n<meta name=\"twitter:label1\" content=\"Est. tempo de leitura\" \/>\n\t<meta name=\"twitter:data1\" content=\"2 minutos\" \/>\n<script type=\"application\/ld+json\" class=\"yoast-schema-graph\">{\"@context\":\"https:\/\/schema.org\",\"@graph\":[{\"@type\":\"WebPage\",\"@id\":\"https:\/\/shortmotorsport.com\/loja\/politica-de-entrega\/\",\"url\":\"https:\/\/shortmotorsport.com\/loja\/politica-de-entrega\/\",\"name\":\"Pol\u00edtica de Entrega -\",\"isPartOf\":{\"@id\":\"https:\/\/shortmotorsport.com\/loja\/#website\"},\"datePublished\":\"2018-02-01T01:02:04+00:00\",\"dateModified\":\"2018-05-03T20:30:55+00:00\",\"description\":\"Somos os maiores fabricantes de bolhas e para-brisas para motos do Brasil! Venha conhecer nossa loja e encontre o modelo ideal para sua moto.\",\"breadcrumb\":{\"@id\":\"https:\/\/shortmotorsport.com\/loja\/politica-de-entrega\/#breadcrumb\"},\"inLanguage\":\"pt-BR\",\"potentialAction\":[{\"@type\":\"ReadAction\",\"target\":[\"https:\/\/shortmotorsport.com\/loja\/politica-de-entrega\/\"]}]},{\"@type\":\"BreadcrumbList\",\"@id\":\"https:\/\/shortmotorsport.com\/loja\/politica-de-entrega\/#breadcrumb\",\"itemListElement\":[{\"@type\":\"ListItem\",\"position\":1,\"name\":\"In\u00edcio\",\"item\":\"https:\/\/shortmotorsport.com\/loja\/\"},{\"@type\":\"ListItem\",\"position\":2,\"name\":\"Pol\u00edtica de Entrega\"}]},{\"@type\":\"WebSite\",\"@id\":\"https:\/\/shortmotorsport.com\/loja\/#website\",\"url\":\"https:\/\/shortmotorsport.com\/loja\/\",\"name\":\"\",\"description\":\"\",\"publisher\":{\"@id\":\"https:\/\/shortmotorsport.com\/loja\/#organization\"},\"potentialAction\":[{\"@type\":\"SearchAction\",\"target\":{\"@type\":\"EntryPoint\",\"urlTemplate\":\"https:\/\/shortmotorsport.com\/loja\/?s={search_term_string}\"},\"query-input\":\"required name=search_term_string\"}],\"inLanguage\":\"pt-BR\"},{\"@type\":\"Organization\",\"@id\":\"https:\/\/shortmotorsport.com\/loja\/#organization\",\"name\":\"Short Motorsport\",\"url\":\"https:\/\/shortmotorsport.com\/loja\/\",\"logo\":{\"@type\":\"ImageObject\",\"inLanguage\":\"pt-BR\",\"@id\":\"https:\/\/shortmotorsport.com\/loja\/#\/schema\/logo\/image\/\",\"url\":\"https:\/\/shortmotorsport.com\/loja\/wp-content\/uploads\/2017\/11\/logo.png\",\"contentUrl\":\"https:\/\/shortmotorsport.com\/loja\/wp-content\/uploads\/2017\/11\/logo.png\",\"width\":500,\"height\":96,\"caption\":\"Short Motorsport\"},\"image\":{\"@id\":\"https:\/\/shortmotorsport.com\/loja\/#\/schema\/logo\/image\/\"},\"sameAs\":[\"https:\/\/www.facebook.com\/shortmotorsport\/\"]}]}<\/script>\n<!-- \/ Yoast SEO plugin. -->","yoast_head_json":{"title":"Pol\u00edtica de Entrega -","description":"Somos os maiores fabricantes de bolhas e para-brisas para motos do Brasil! Venha conhecer nossa loja e encontre o modelo ideal para sua moto.","robots":{"index":"index","follow":"follow","max-snippet":"max-snippet:-1","max-image-preview":"max-image-preview:large","max-video-preview":"max-video-preview:-1"},"canonical":"https:\/\/shortmotorsport.com\/loja\/politica-de-entrega\/","og_locale":"pt_BR","og_type":"article","og_title":"Pol\u00edtica de Entrega -","og_description":"Somos os maiores fabricantes de bolhas e para-brisas para motos do Brasil! Venha conhecer nossa loja e encontre o modelo ideal para sua moto.","og_url":"https:\/\/shortmotorsport.com\/loja\/politica-de-entrega\/","article_publisher":"https:\/\/www.facebook.com\/shortmotorsport\/","article_modified_time":"2018-05-03T20:30:55+00:00","twitter_card":"summary_large_image","twitter_misc":{"Est. tempo de leitura":"2 minutos"},"schema":{"@context":"https:\/\/schema.org","@graph":[{"@type":"WebPage","@id":"https:\/\/shortmotorsport.com\/loja\/politica-de-entrega\/","url":"https:\/\/shortmotorsport.com\/loja\/politica-de-entrega\/","name":"Pol\u00edtica de Entrega -","isPartOf":{"@id":"https:\/\/shortmotorsport.com\/loja\/#website"},"datePublished":"2018-02-01T01:02:04+00:00","dateModified":"2018-05-03T20:30:55+00:00","description":"Somos os maiores fabricantes de bolhas e para-brisas para motos do Brasil! Venha conhecer nossa loja e encontre o modelo ideal para sua moto.","breadcrumb":{"@id":"https:\/\/shortmotorsport.com\/loja\/politica-de-entrega\/#breadcrumb"},"inLanguage":"pt-BR","potentialAction":[{"@type":"ReadAction","target":["https:\/\/shortmotorsport.com\/loja\/politica-de-entrega\/"]}]},{"@type":"BreadcrumbList","@id":"https:\/\/shortmotorsport.com\/loja\/politica-de-entrega\/#breadcrumb","itemListElement":[{"@type":"ListItem","position":1,"name":"In\u00edcio","item":"https:\/\/shortmotorsport.com\/loja\/"},{"@type":"ListItem","position":2,"name":"Pol\u00edtica de Entrega"}]},{"@type":"WebSite","@id":"https:\/\/shortmotorsport.com\/loja\/#website","url":"https:\/\/shortmotorsport.com\/loja\/","name":"","description":"","publisher":{"@id":"https:\/\/shortmotorsport.com\/loja\/#organization"},"potentialAction":[{"@type":"SearchAction","target":{"@type":"EntryPoint","urlTemplate":"https:\/\/shortmotorsport.com\/loja\/?s={search_term_string}"},"query-input":"required name=search_term_string"}],"inLanguage":"pt-BR"},{"@type":"Organization","@id":"https:\/\/shortmotorsport.com\/loja\/#organization","name":"Short Motorsport","url":"https:\/\/shortmotorsport.com\/loja\/","logo":{"@type":"ImageObject","inLanguage":"pt-BR","@id":"https:\/\/shortmotorsport.com\/loja\/#\/schema\/logo\/image\/","url":"https:\/\/shortmotorsport.com\/loja\/wp-content\/uploads\/2017\/11\/logo.png","contentUrl":"https:\/\/shortmotorsport.com\/loja\/wp-content\/uploads\/2017\/11\/logo.png","width":500,"height":96,"caption":"Short Motorsport"},"image":{"@id":"https:\/\/shortmotorsport.com\/loja\/#\/schema\/logo\/image\/"},"sameAs":["https:\/\/www.facebook.com\/shortmotorsport\/"]}]}},"_links":{"self":[{"href":"https:\/\/shortmotorsport.com\/loja\/wp-json\/wp\/v2\/pages\/382"}],"collection":[{"href":"https:\/\/shortmotorsport.com\/loja\/wp-json\/wp\/v2\/pages"}],"about":[{"href":"https:\/\/shortmotorsport.com\/loja\/wp-json\/wp\/v2\/types\/page"}],"author":[{"embeddable":true,"href":"https:\/\/shortmotorsport.com\/loja\/wp-json\/wp\/v2\/users\/1"}],"replies":[{"embeddable":true,"href":"https:\/\/shortmotorsport.com\/loja\/wp-json\/wp\/v2\/comments?post=382"}],"version-history":[{"count":6,"href":"https:\/\/shortmotorsport.com\/loja\/wp-json\/wp\/v2\/pages\/382\/revisions"}],"predecessor-version":[{"id":477,"href":"https:\/\/shortmotorsport.com\/loja\/wp-json\/wp\/v2\/pages\/382\/revisions\/477"}],"wp:attachment":[{"href":"https:\/\/shortmotorsport.com\/loja\/wp-json\/wp\/v2\/media?parent=382"}],"curies":[{"name":"wp","href":"https:\/\/api.w.org\/{rel}","templated":true}]}}