

{"id":421,"date":"2018-02-07T14:57:56","date_gmt":"2018-02-07T16:57:56","guid":{"rendered":"https:\/\/shortmotorsport.com\/loja\/?page_id=421"},"modified":"2018-02-07T14:57:56","modified_gmt":"2018-02-07T16:57:56","slug":"politicas-de-privacidade","status":"publish","type":"page","link":"https:\/\/shortmotorsport.com\/loja\/politicas-de-privacidade\/","title":{"rendered":"Pol\u00edticas de Privacidade"},"content":{"rendered":"<p>A Loja Short Motorsport est\u00e1 comprometida com os mais rigorosos padr\u00f5es de seguran\u00e7a e de prote\u00e7\u00e3o \u00e0 privacidade dos visitantes e clientes do site. Nenhum dado coletado por nosso canal virtual \u00e9 transferido a terceiras partes. Por isso n\u00f3s nos responsabilizamos por todos os dados inseridos neste site.<\/p>\n<h2>1. Finalidade, Aceita\u00e7\u00e3o e Abrang\u00eancia<\/h2>\n<p>Para o devido cumprimento da legisla\u00e7\u00e3o brasileira aplic\u00e1vel \u00e0 prote\u00e7\u00e3o dos dados pessoais, \u00e9 necess\u00e1rio que o Cliente do site shortmotorsport.com\/loja aceite a presente Pol\u00edtica de Privacidade e autorize a empresa a armazenar e utilizar os dados pessoais coletados, nos termos desta pol\u00edtica.<\/p>\n<p>Esta manifesta\u00e7\u00e3o \u00e9 parte componente dos termos de uso da Short Motorsport e a aceita\u00e7\u00e3o de todos os termos dispostos, no momento do cadastro, implicam de modo autom\u00e1tico na aceita\u00e7\u00e3o das pol\u00edticas aqui transcritas.<\/p>\n<p>A Pol\u00edtica de Privacidade abrange o tratamento que a empresa Short Motorsport d\u00e1 as informa\u00e7\u00f5es capazes de identificar seus clientes, e que n\u00e3o podem ser compartilhadas.<\/p>\n<h2>2. Coleta de informa\u00e7\u00f5es<\/h2>\n<p>A Short Motorsport poder\u00e1 coletar\/reunir e armazenar as informa\u00e7\u00f5es pessoais quando o Cliente\/Usu\u00e1rio:<\/p>\n<ul>\n<li>Cadastrar-se para obter uma conta na Short Motorsport, etapa necess\u00e1ria para poder desfrutar dos produtos colocados \u00e0 venda no website da empresa;<\/li>\n<li>Ou realizar compras, visitar p\u00e1ginas, fazer buscas no site da Short Motorsport , enviar e-mails, e fazer coment\u00e1rios sobre o website, seu funcionamento ou qualquer outro assunto;<\/li>\n<li>Os dados cadastrados poder\u00e3o ser confirmados atrav\u00e9s de consultas a entidades p\u00fablicas, companhias especializadas ou bancos de dados, o que, desde j\u00e1, fica expressamente autorizado.<\/li>\n<\/ul>\n<p>A Loja online da\u00a0Short Motorsport <strong>n\u00e3o<\/strong> armazena em seus servidores as informa\u00e7\u00f5es das atividades dos clientes. <strong>N\u00e3o<\/strong> usamos cookies, que normalmente servem para controle interno de audi\u00eancia e de navega\u00e7\u00e3o e jamais para controlar, identificar ou rastrear prefer\u00eancias do internauta, exceto quando este desrespeitar alguma regra de seguran\u00e7a ou exercer alguma atividade prejudicial ao bom funcionamento do site.<\/p>\n","protected":false},"excerpt":{"rendered":"<p>A Loja Short Motorsport est\u00e1 comprometida com os mais rigorosos padr\u00f5es de seguran\u00e7a e de prote\u00e7\u00e3o \u00e0 privacidade dos visitantes e clientes do site. Nenhum dado coletado por nosso canal virtual \u00e9 transferido a terceiras partes. Por isso n\u00f3s nos responsabilizamos por todos os dados inseridos neste site. 1. Finalidade, Aceita\u00e7\u00e3o e Abrang\u00eancia Para o [&hellip;]<\/p>\n","protected":false},"author":1,"featured_media":0,"parent":0,"menu_order":0,"comment_status":"closed","ping_status":"closed","template":"","meta":{"footnotes":""},"yoast_head":"<!-- This site is optimized with the Yoast SEO plugin v22.2 - https:\/\/yoast.com\/wordpress\/plugins\/seo\/ -->\n<title>Pol\u00edticas de Privacidade -<\/title>\n<meta name=\"description\" content=\"Somos os maiores fabricantes de bolhas e para-brisas para motos do Brasil! Venha conhecer nossa loja e encontre o modelo ideal para sua moto.\" \/>\n<meta name=\"robots\" content=\"index, follow, max-snippet:-1, max-image-preview:large, max-video-preview:-1\" \/>\n<link rel=\"canonical\" href=\"https:\/\/shortmotorsport.com\/loja\/politicas-de-privacidade\/\" \/>\n<meta property=\"og:locale\" content=\"pt_BR\" \/>\n<meta property=\"og:type\" content=\"article\" \/>\n<meta property=\"og:title\" content=\"Pol\u00edticas de Privacidade -\" \/>\n<meta property=\"og:description\" content=\"Somos os maiores fabricantes de bolhas e para-brisas para motos do Brasil! Venha conhecer nossa loja e encontre o modelo ideal para sua moto.\" \/>\n<meta property=\"og:url\" content=\"https:\/\/shortmotorsport.com\/loja\/politicas-de-privacidade\/\" \/>\n<meta property=\"article:publisher\" content=\"https:\/\/www.facebook.com\/shortmotorsport\/\" \/>\n<meta name=\"twitter:card\" content=\"summary_large_image\" \/>\n<meta name=\"twitter:label1\" content=\"Est. tempo de leitura\" \/>\n\t<meta name=\"twitter:data1\" content=\"2 minutos\" \/>\n<script type=\"application\/ld+json\" class=\"yoast-schema-graph\">{\"@context\":\"https:\/\/schema.org\",\"@graph\":[{\"@type\":\"WebPage\",\"@id\":\"https:\/\/shortmotorsport.com\/loja\/politicas-de-privacidade\/\",\"url\":\"https:\/\/shortmotorsport.com\/loja\/politicas-de-privacidade\/\",\"name\":\"Pol\u00edticas de Privacidade -\",\"isPartOf\":{\"@id\":\"https:\/\/shortmotorsport.com\/loja\/#website\"},\"datePublished\":\"2018-02-07T16:57:56+00:00\",\"dateModified\":\"2018-02-07T16:57:56+00:00\",\"description\":\"Somos os maiores fabricantes de bolhas e para-brisas para motos do Brasil! Venha conhecer nossa loja e encontre o modelo ideal para sua moto.\",\"breadcrumb\":{\"@id\":\"https:\/\/shortmotorsport.com\/loja\/politicas-de-privacidade\/#breadcrumb\"},\"inLanguage\":\"pt-BR\",\"potentialAction\":[{\"@type\":\"ReadAction\",\"target\":[\"https:\/\/shortmotorsport.com\/loja\/politicas-de-privacidade\/\"]}]},{\"@type\":\"BreadcrumbList\",\"@id\":\"https:\/\/shortmotorsport.com\/loja\/politicas-de-privacidade\/#breadcrumb\",\"itemListElement\":[{\"@type\":\"ListItem\",\"position\":1,\"name\":\"In\u00edcio\",\"item\":\"https:\/\/shortmotorsport.com\/loja\/\"},{\"@type\":\"ListItem\",\"position\":2,\"name\":\"Pol\u00edticas de Privacidade\"}]},{\"@type\":\"WebSite\",\"@id\":\"https:\/\/shortmotorsport.com\/loja\/#website\",\"url\":\"https:\/\/shortmotorsport.com\/loja\/\",\"name\":\"\",\"description\":\"\",\"publisher\":{\"@id\":\"https:\/\/shortmotorsport.com\/loja\/#organization\"},\"potentialAction\":[{\"@type\":\"SearchAction\",\"target\":{\"@type\":\"EntryPoint\",\"urlTemplate\":\"https:\/\/shortmotorsport.com\/loja\/?s={search_term_string}\"},\"query-input\":\"required name=search_term_string\"}],\"inLanguage\":\"pt-BR\"},{\"@type\":\"Organization\",\"@id\":\"https:\/\/shortmotorsport.com\/loja\/#organization\",\"name\":\"Short Motorsport\",\"url\":\"https:\/\/shortmotorsport.com\/loja\/\",\"logo\":{\"@type\":\"ImageObject\",\"inLanguage\":\"pt-BR\",\"@id\":\"https:\/\/shortmotorsport.com\/loja\/#\/schema\/logo\/image\/\",\"url\":\"https:\/\/shortmotorsport.com\/loja\/wp-content\/uploads\/2017\/11\/logo.png\",\"contentUrl\":\"https:\/\/shortmotorsport.com\/loja\/wp-content\/uploads\/2017\/11\/logo.png\",\"width\":500,\"height\":96,\"caption\":\"Short Motorsport\"},\"image\":{\"@id\":\"https:\/\/shortmotorsport.com\/loja\/#\/schema\/logo\/image\/\"},\"sameAs\":[\"https:\/\/www.facebook.com\/shortmotorsport\/\"]}]}<\/script>\n<!-- \/ Yoast SEO plugin. -->","yoast_head_json":{"title":"Pol\u00edticas de Privacidade -","description":"Somos os maiores fabricantes de bolhas e para-brisas para motos do Brasil! Venha conhecer nossa loja e encontre o modelo ideal para sua moto.","robots":{"index":"index","follow":"follow","max-snippet":"max-snippet:-1","max-image-preview":"max-image-preview:large","max-video-preview":"max-video-preview:-1"},"canonical":"https:\/\/shortmotorsport.com\/loja\/politicas-de-privacidade\/","og_locale":"pt_BR","og_type":"article","og_title":"Pol\u00edticas de Privacidade -","og_description":"Somos os maiores fabricantes de bolhas e para-brisas para motos do Brasil! Venha conhecer nossa loja e encontre o modelo ideal para sua moto.","og_url":"https:\/\/shortmotorsport.com\/loja\/politicas-de-privacidade\/","article_publisher":"https:\/\/www.facebook.com\/shortmotorsport\/","twitter_card":"summary_large_image","twitter_misc":{"Est. tempo de leitura":"2 minutos"},"schema":{"@context":"https:\/\/schema.org","@graph":[{"@type":"WebPage","@id":"https:\/\/shortmotorsport.com\/loja\/politicas-de-privacidade\/","url":"https:\/\/shortmotorsport.com\/loja\/politicas-de-privacidade\/","name":"Pol\u00edticas de Privacidade -","isPartOf":{"@id":"https:\/\/shortmotorsport.com\/loja\/#website"},"datePublished":"2018-02-07T16:57:56+00:00","dateModified":"2018-02-07T16:57:56+00:00","description":"Somos os maiores fabricantes de bolhas e para-brisas para motos do Brasil! Venha conhecer nossa loja e encontre o modelo ideal para sua moto.","breadcrumb":{"@id":"https:\/\/shortmotorsport.com\/loja\/politicas-de-privacidade\/#breadcrumb"},"inLanguage":"pt-BR","potentialAction":[{"@type":"ReadAction","target":["https:\/\/shortmotorsport.com\/loja\/politicas-de-privacidade\/"]}]},{"@type":"BreadcrumbList","@id":"https:\/\/shortmotorsport.com\/loja\/politicas-de-privacidade\/#breadcrumb","itemListElement":[{"@type":"ListItem","position":1,"name":"In\u00edcio","item":"https:\/\/shortmotorsport.com\/loja\/"},{"@type":"ListItem","position":2,"name":"Pol\u00edticas de Privacidade"}]},{"@type":"WebSite","@id":"https:\/\/shortmotorsport.com\/loja\/#website","url":"https:\/\/shortmotorsport.com\/loja\/","name":"","description":"","publisher":{"@id":"https:\/\/shortmotorsport.com\/loja\/#organization"},"potentialAction":[{"@type":"SearchAction","target":{"@type":"EntryPoint","urlTemplate":"https:\/\/shortmotorsport.com\/loja\/?s={search_term_string}"},"query-input":"required name=search_term_string"}],"inLanguage":"pt-BR"},{"@type":"Organization","@id":"https:\/\/shortmotorsport.com\/loja\/#organization","name":"Short Motorsport","url":"https:\/\/shortmotorsport.com\/loja\/","logo":{"@type":"ImageObject","inLanguage":"pt-BR","@id":"https:\/\/shortmotorsport.com\/loja\/#\/schema\/logo\/image\/","url":"https:\/\/shortmotorsport.com\/loja\/wp-content\/uploads\/2017\/11\/logo.png","contentUrl":"https:\/\/shortmotorsport.com\/loja\/wp-content\/uploads\/2017\/11\/logo.png","width":500,"height":96,"caption":"Short Motorsport"},"image":{"@id":"https:\/\/shortmotorsport.com\/loja\/#\/schema\/logo\/image\/"},"sameAs":["https:\/\/www.facebook.com\/shortmotorsport\/"]}]}},"_links":{"self":[{"href":"https:\/\/shortmotorsport.com\/loja\/wp-json\/wp\/v2\/pages\/421"}],"collection":[{"href":"https:\/\/shortmotorsport.com\/loja\/wp-json\/wp\/v2\/pages"}],"about":[{"href":"https:\/\/shortmotorsport.com\/loja\/wp-json\/wp\/v2\/types\/page"}],"author":[{"embeddable":true,"href":"https:\/\/shortmotorsport.com\/loja\/wp-json\/wp\/v2\/users\/1"}],"replies":[{"embeddable":true,"href":"https:\/\/shortmotorsport.com\/loja\/wp-json\/wp\/v2\/comments?post=421"}],"version-history":[{"count":2,"href":"https:\/\/shortmotorsport.com\/loja\/wp-json\/wp\/v2\/pages\/421\/revisions"}],"predecessor-version":[{"id":423,"href":"https:\/\/shortmotorsport.com\/loja\/wp-json\/wp\/v2\/pages\/421\/revisions\/423"}],"wp:attachment":[{"href":"https:\/\/shortmotorsport.com\/loja\/wp-json\/wp\/v2\/media?parent=421"}],"curies":[{"name":"wp","href":"https:\/\/api.w.org\/{rel}","templated":true}]}}