

{"id":218,"date":"2017-12-24T19:20:18","date_gmt":"2017-12-24T21:20:18","guid":{"rendered":"https:\/\/shortmotorsport.com\/loja\/?post_type=product&#038;p=218"},"modified":"2023-01-28T12:40:38","modified_gmt":"2023-01-28T15:40:38","slug":"para-brisa-custom-grande-policarbonato-cristal-5-mm","status":"publish","type":"product","link":"https:\/\/shortmotorsport.com\/loja\/produto\/para-brisa-custom-grande-policarbonato-cristal-5-mm\/","title":{"rendered":"Para-brisa custom grande policarbonato cristal 5 mm"},"content":{"rendered":"<ul>\n<li>ATENC\u00c3O. PARA-BRISA FEITO SOB ENCOMENTA. PRAZO DE PRODU\u00c7\u00c3O 10 DIAS.<\/li>\n<li>Transpar\u00eancia 100% \u00f3tica, n\u00e3o amarela nunca.<\/li>\n<li>Dimens\u00f5es conforme desenho do anuncio. Altura 63 cm, Largura 45 cm.<\/li>\n<li>Encaixe perfeito, pe\u00e7as usinadas em CNC computadorizada.<\/li>\n<li>Protege contra o vento, insetos ou mesmo pedras grandes.<\/li>\n<li>Modelo \u00f3timo para estrada.<\/li>\n<li>Para-brisa de cruzeiro para velocidade m\u00e1xima de 120 km por hora.<\/li>\n<li>Suporte refor\u00e7ado.<\/li>\n<li>Vem completo para instalar, folheto de instru\u00e7\u00f5es, ferragens prata com frontal de a\u00e7o inox, parafusos inox, buchas e hastes cromadas. Ferramenta para instala\u00e7\u00f5es e aperto dos parafusos allen e dos man\u00edpulos. F\u00e1cil aperto e regulagem da bolha, por meio dos man\u00edpulos. Pode ser instalado em motos com guid\u00e3o de 20 a 25 mm de di\u00e2metro 95% das motos do mercado. Para guid\u00e3o de 32 mm como os das Harley-Davdson ou Indian, necess\u00e1rio apenas trocar os 4 parafusos das bra\u00e7adeiras com 1cm mais compridos que enviamos junto. Instru\u00e7\u00f5es desta troca enviada junto.<\/li>\n<\/ul>\n<p class=\"product woocommerce add_to_cart_inline \" style=\"border:4px solid #ccc; padding: 12px;\"><span class=\"woocommerce-Price-amount amount\"><bdi><span class=\"woocommerce-Price-currencySymbol\">&#82;&#36;<\/span>950,00<\/bdi><\/span><a href=\"?add-to-cart=218\" data-quantity=\"1\" class=\"button product_type_simple add_to_cart_button ajax_add_to_cart\" data-product_id=\"218\" data-product_sku=\"\" aria-label=\"Add to cart: &ldquo;Para-brisa custom grande policarbonato cristal 5 mm&rdquo;\" aria-describedby=\"\" rel=\"nofollow\">Comprar<\/a><\/p>\n<p>Universal, adapt\u00e1vel na grande maioria de motos. Veja a lista de alguns exemplos abaixo.<\/p>\n<p>Categoria Custom<br \/>\nHarley-Davidson XL200 Custom, 883Iron, 883 Roadster, Blackline, Dina Fat Bob, Dyna Super Glide Custom, Fat Boy \u2013Special, Night Rod Special, Softail Deluxe, V-Rod Muscle 10 Anniversary, XR 1200X, CVO Breakout, Sportster 883R, Sportster 1200Custom, Sportster Fourty-Eight, Sportster XL1200 CB<br \/>\nFym FY 250<br \/>\nHonda Shadow 750<br \/>\nKawasaki Vulcan 900 Classic, Vulcan 900 Custom<br \/>\nSuzuki Boulevard M 1500, Boulevard M 1500R, Boulevard M800, Boulevard M800R, Intruder 150, Intruder 250, BoulevardM109R B.O.S.S. , Boulevard 1800R<br \/>\nYamaha XVS 950A Midnight Star, XV 950R, XVS 1300, YBR 125 Custom, Drag Star 650<br \/>\nKasinski Mirage 150, Mirage 250, Mirage 650<br \/>\nMIZA Drago 150<br \/>\nMVK Black Star, Fenix<br \/>\nTriumph Thunderbird Commander, Thunderbird Storm ABS<br \/>\nMoto Guzzi California 1400 Custom<br \/>\nDafra Kansas 150, Horizon 250<br \/>\nVictory Hammer 8-Ball<br \/>\nMarauder 800<br \/>\nSundown V Blade 250<br \/>\nIndian Midsize Scout, Cruiser Chief Classic<\/p>\n<p>Ou para motos similares a qualquer apresentada na rela\u00e7\u00e3o e que n\u00e3o esteja listada<\/p>\n<p>Nosso Frete \u00e9 Gr\u00e1tis, via PAC dos Correios (ou Sedex para as localidades onde n\u00e3o h\u00e1 PAC), para entrega em todo o Brasil.<\/p>\n<p>Pol\u00edtica de entrega: O produto comprado, ser\u00e1 entregue pelos Correios , conforme preenchimento dos dados ao efetuar a compra do seu pedido.<\/p>\n","protected":false},"excerpt":{"rendered":"<p><img loading=\"lazy\" decoding=\"async\" class=\"aligncenter size-medium\" src=\"https:\/\/shortmotorsport.com\/loja\/wp-content\/uploads\/2018\/03\/banner4.png\" width=\"648\" height=\"95\" \/><\/p>\n<p>Design custom cl\u00e1ssico. Fabricada em policarbonato, o mesmo material usado em escudos, camada interna nos vidros blindados. Muito mais seguran\u00e7a. N\u00e3o trabalhamos com acr\u00edlico ou plexiglass, pois s\u00e3o fr\u00e1geis. Para-brisa <strong>universal<\/strong>, adapt\u00e1vel na maioria das motos. Veja a lista de alguns exemplos abaixo.<\/p>\n<p><strong>Somos os fabricantes<\/strong>. Garantimos a <strong>qualidade<\/strong> de nossos produtos.<br \/>\nTemos estoque para <strong>atendimento imediato<\/strong>.<br \/>\nEmitimos nota fiscal.<\/p>\n<p>&nbsp;<\/p>\n","protected":false},"featured_media":285,"comment_status":"open","ping_status":"closed","template":"","meta":[],"product_cat":[21],"product_tag":[],"yoast_head":"<!-- This site is optimized with the Yoast SEO plugin v22.2 - https:\/\/yoast.com\/wordpress\/plugins\/seo\/ -->\n<title>Para-brisa custom grande policarbonato cristal 5 mm -<\/title>\n<meta name=\"description\" content=\"Somos os maiores fabricantes de bolhas e para-brisas para motos do Brasil! Venha conhecer nossa loja e encontre o modelo ideal para sua moto.\" \/>\n<meta name=\"robots\" content=\"index, follow, max-snippet:-1, max-image-preview:large, max-video-preview:-1\" \/>\n<link rel=\"canonical\" href=\"https:\/\/shortmotorsport.com\/loja\/produto\/para-brisa-custom-grande-policarbonato-cristal-5-mm\/\" \/>\n<meta property=\"og:locale\" content=\"pt_BR\" \/>\n<meta property=\"og:type\" content=\"article\" \/>\n<meta property=\"og:title\" content=\"Para-brisa custom grande policarbonato cristal 5 mm -\" \/>\n<meta property=\"og:description\" content=\"Somos os maiores fabricantes de bolhas e para-brisas para motos do Brasil! Venha conhecer nossa loja e encontre o modelo ideal para sua moto.\" \/>\n<meta property=\"og:url\" content=\"https:\/\/shortmotorsport.com\/loja\/produto\/para-brisa-custom-grande-policarbonato-cristal-5-mm\/\" \/>\n<meta property=\"article:publisher\" content=\"https:\/\/www.facebook.com\/shortmotorsport\/\" \/>\n<meta property=\"article:modified_time\" content=\"2023-01-28T15:40:38+00:00\" \/>\n<meta property=\"og:image\" content=\"https:\/\/shortmotorsport.com\/loja\/wp-content\/uploads\/2017\/12\/frente-jose-ML.jpg\" \/>\n\t<meta property=\"og:image:width\" content=\"1485\" \/>\n\t<meta property=\"og:image:height\" content=\"2047\" \/>\n\t<meta property=\"og:image:type\" content=\"image\/jpeg\" \/>\n<meta name=\"twitter:card\" content=\"summary_large_image\" \/>\n<meta name=\"twitter:label1\" content=\"Est. tempo de leitura\" \/>\n\t<meta name=\"twitter:data1\" content=\"2 minutos\" \/>\n<script type=\"application\/ld+json\" class=\"yoast-schema-graph\">{\"@context\":\"https:\/\/schema.org\",\"@graph\":[{\"@type\":\"WebPage\",\"@id\":\"https:\/\/shortmotorsport.com\/loja\/produto\/para-brisa-custom-grande-policarbonato-cristal-5-mm\/\",\"url\":\"https:\/\/shortmotorsport.com\/loja\/produto\/para-brisa-custom-grande-policarbonato-cristal-5-mm\/\",\"name\":\"Para-brisa custom grande policarbonato cristal 5 mm -\",\"isPartOf\":{\"@id\":\"https:\/\/shortmotorsport.com\/loja\/#website\"},\"primaryImageOfPage\":{\"@id\":\"https:\/\/shortmotorsport.com\/loja\/produto\/para-brisa-custom-grande-policarbonato-cristal-5-mm\/#primaryimage\"},\"image\":{\"@id\":\"https:\/\/shortmotorsport.com\/loja\/produto\/para-brisa-custom-grande-policarbonato-cristal-5-mm\/#primaryimage\"},\"thumbnailUrl\":\"https:\/\/shortmotorsport.com\/loja\/wp-content\/uploads\/2017\/12\/frente-jose-ML.jpg\",\"datePublished\":\"2017-12-24T21:20:18+00:00\",\"dateModified\":\"2023-01-28T15:40:38+00:00\",\"description\":\"Somos os maiores fabricantes de bolhas e para-brisas para motos do Brasil! Venha conhecer nossa loja e encontre o modelo ideal para sua moto.\",\"breadcrumb\":{\"@id\":\"https:\/\/shortmotorsport.com\/loja\/produto\/para-brisa-custom-grande-policarbonato-cristal-5-mm\/#breadcrumb\"},\"inLanguage\":\"pt-BR\",\"potentialAction\":[{\"@type\":\"ReadAction\",\"target\":[\"https:\/\/shortmotorsport.com\/loja\/produto\/para-brisa-custom-grande-policarbonato-cristal-5-mm\/\"]}]},{\"@type\":\"ImageObject\",\"inLanguage\":\"pt-BR\",\"@id\":\"https:\/\/shortmotorsport.com\/loja\/produto\/para-brisa-custom-grande-policarbonato-cristal-5-mm\/#primaryimage\",\"url\":\"https:\/\/shortmotorsport.com\/loja\/wp-content\/uploads\/2017\/12\/frente-jose-ML.jpg\",\"contentUrl\":\"https:\/\/shortmotorsport.com\/loja\/wp-content\/uploads\/2017\/12\/frente-jose-ML.jpg\",\"width\":1485,\"height\":2047},{\"@type\":\"BreadcrumbList\",\"@id\":\"https:\/\/shortmotorsport.com\/loja\/produto\/para-brisa-custom-grande-policarbonato-cristal-5-mm\/#breadcrumb\",\"itemListElement\":[{\"@type\":\"ListItem\",\"position\":1,\"name\":\"In\u00edcio\",\"item\":\"https:\/\/shortmotorsport.com\/loja\/\"},{\"@type\":\"ListItem\",\"position\":2,\"name\":\"Produtos\",\"item\":\"https:\/\/shortmotorsport.com\/loja\/loja\/\"},{\"@type\":\"ListItem\",\"position\":3,\"name\":\"Para-brisa custom grande policarbonato cristal 5 mm\"}]},{\"@type\":\"WebSite\",\"@id\":\"https:\/\/shortmotorsport.com\/loja\/#website\",\"url\":\"https:\/\/shortmotorsport.com\/loja\/\",\"name\":\"\",\"description\":\"\",\"publisher\":{\"@id\":\"https:\/\/shortmotorsport.com\/loja\/#organization\"},\"potentialAction\":[{\"@type\":\"SearchAction\",\"target\":{\"@type\":\"EntryPoint\",\"urlTemplate\":\"https:\/\/shortmotorsport.com\/loja\/?s={search_term_string}\"},\"query-input\":\"required name=search_term_string\"}],\"inLanguage\":\"pt-BR\"},{\"@type\":\"Organization\",\"@id\":\"https:\/\/shortmotorsport.com\/loja\/#organization\",\"name\":\"Short Motorsport\",\"url\":\"https:\/\/shortmotorsport.com\/loja\/\",\"logo\":{\"@type\":\"ImageObject\",\"inLanguage\":\"pt-BR\",\"@id\":\"https:\/\/shortmotorsport.com\/loja\/#\/schema\/logo\/image\/\",\"url\":\"https:\/\/shortmotorsport.com\/loja\/wp-content\/uploads\/2017\/11\/logo.png\",\"contentUrl\":\"https:\/\/shortmotorsport.com\/loja\/wp-content\/uploads\/2017\/11\/logo.png\",\"width\":500,\"height\":96,\"caption\":\"Short Motorsport\"},\"image\":{\"@id\":\"https:\/\/shortmotorsport.com\/loja\/#\/schema\/logo\/image\/\"},\"sameAs\":[\"https:\/\/www.facebook.com\/shortmotorsport\/\"]}]}<\/script>\n<!-- \/ Yoast SEO plugin. -->","yoast_head_json":{"title":"Para-brisa custom grande policarbonato cristal 5 mm -","description":"Somos os maiores fabricantes de bolhas e para-brisas para motos do Brasil! Venha conhecer nossa loja e encontre o modelo ideal para sua moto.","robots":{"index":"index","follow":"follow","max-snippet":"max-snippet:-1","max-image-preview":"max-image-preview:large","max-video-preview":"max-video-preview:-1"},"canonical":"https:\/\/shortmotorsport.com\/loja\/produto\/para-brisa-custom-grande-policarbonato-cristal-5-mm\/","og_locale":"pt_BR","og_type":"article","og_title":"Para-brisa custom grande policarbonato cristal 5 mm -","og_description":"Somos os maiores fabricantes de bolhas e para-brisas para motos do Brasil! Venha conhecer nossa loja e encontre o modelo ideal para sua moto.","og_url":"https:\/\/shortmotorsport.com\/loja\/produto\/para-brisa-custom-grande-policarbonato-cristal-5-mm\/","article_publisher":"https:\/\/www.facebook.com\/shortmotorsport\/","article_modified_time":"2023-01-28T15:40:38+00:00","og_image":[{"width":1485,"height":2047,"url":"https:\/\/shortmotorsport.com\/loja\/wp-content\/uploads\/2017\/12\/frente-jose-ML.jpg","type":"image\/jpeg"}],"twitter_card":"summary_large_image","twitter_misc":{"Est. tempo de leitura":"2 minutos"},"schema":{"@context":"https:\/\/schema.org","@graph":[{"@type":"WebPage","@id":"https:\/\/shortmotorsport.com\/loja\/produto\/para-brisa-custom-grande-policarbonato-cristal-5-mm\/","url":"https:\/\/shortmotorsport.com\/loja\/produto\/para-brisa-custom-grande-policarbonato-cristal-5-mm\/","name":"Para-brisa custom grande policarbonato cristal 5 mm -","isPartOf":{"@id":"https:\/\/shortmotorsport.com\/loja\/#website"},"primaryImageOfPage":{"@id":"https:\/\/shortmotorsport.com\/loja\/produto\/para-brisa-custom-grande-policarbonato-cristal-5-mm\/#primaryimage"},"image":{"@id":"https:\/\/shortmotorsport.com\/loja\/produto\/para-brisa-custom-grande-policarbonato-cristal-5-mm\/#primaryimage"},"thumbnailUrl":"https:\/\/shortmotorsport.com\/loja\/wp-content\/uploads\/2017\/12\/frente-jose-ML.jpg","datePublished":"2017-12-24T21:20:18+00:00","dateModified":"2023-01-28T15:40:38+00:00","description":"Somos os maiores fabricantes de bolhas e para-brisas para motos do Brasil! Venha conhecer nossa loja e encontre o modelo ideal para sua moto.","breadcrumb":{"@id":"https:\/\/shortmotorsport.com\/loja\/produto\/para-brisa-custom-grande-policarbonato-cristal-5-mm\/#breadcrumb"},"inLanguage":"pt-BR","potentialAction":[{"@type":"ReadAction","target":["https:\/\/shortmotorsport.com\/loja\/produto\/para-brisa-custom-grande-policarbonato-cristal-5-mm\/"]}]},{"@type":"ImageObject","inLanguage":"pt-BR","@id":"https:\/\/shortmotorsport.com\/loja\/produto\/para-brisa-custom-grande-policarbonato-cristal-5-mm\/#primaryimage","url":"https:\/\/shortmotorsport.com\/loja\/wp-content\/uploads\/2017\/12\/frente-jose-ML.jpg","contentUrl":"https:\/\/shortmotorsport.com\/loja\/wp-content\/uploads\/2017\/12\/frente-jose-ML.jpg","width":1485,"height":2047},{"@type":"BreadcrumbList","@id":"https:\/\/shortmotorsport.com\/loja\/produto\/para-brisa-custom-grande-policarbonato-cristal-5-mm\/#breadcrumb","itemListElement":[{"@type":"ListItem","position":1,"name":"In\u00edcio","item":"https:\/\/shortmotorsport.com\/loja\/"},{"@type":"ListItem","position":2,"name":"Produtos","item":"https:\/\/shortmotorsport.com\/loja\/loja\/"},{"@type":"ListItem","position":3,"name":"Para-brisa custom grande policarbonato cristal 5 mm"}]},{"@type":"WebSite","@id":"https:\/\/shortmotorsport.com\/loja\/#website","url":"https:\/\/shortmotorsport.com\/loja\/","name":"","description":"","publisher":{"@id":"https:\/\/shortmotorsport.com\/loja\/#organization"},"potentialAction":[{"@type":"SearchAction","target":{"@type":"EntryPoint","urlTemplate":"https:\/\/shortmotorsport.com\/loja\/?s={search_term_string}"},"query-input":"required name=search_term_string"}],"inLanguage":"pt-BR"},{"@type":"Organization","@id":"https:\/\/shortmotorsport.com\/loja\/#organization","name":"Short Motorsport","url":"https:\/\/shortmotorsport.com\/loja\/","logo":{"@type":"ImageObject","inLanguage":"pt-BR","@id":"https:\/\/shortmotorsport.com\/loja\/#\/schema\/logo\/image\/","url":"https:\/\/shortmotorsport.com\/loja\/wp-content\/uploads\/2017\/11\/logo.png","contentUrl":"https:\/\/shortmotorsport.com\/loja\/wp-content\/uploads\/2017\/11\/logo.png","width":500,"height":96,"caption":"Short Motorsport"},"image":{"@id":"https:\/\/shortmotorsport.com\/loja\/#\/schema\/logo\/image\/"},"sameAs":["https:\/\/www.facebook.com\/shortmotorsport\/"]}]}},"_links":{"self":[{"href":"https:\/\/shortmotorsport.com\/loja\/wp-json\/wp\/v2\/product\/218"}],"collection":[{"href":"https:\/\/shortmotorsport.com\/loja\/wp-json\/wp\/v2\/product"}],"about":[{"href":"https:\/\/shortmotorsport.com\/loja\/wp-json\/wp\/v2\/types\/product"}],"replies":[{"embeddable":true,"href":"https:\/\/shortmotorsport.com\/loja\/wp-json\/wp\/v2\/comments?post=218"}],"wp:featuredmedia":[{"embeddable":true,"href":"https:\/\/shortmotorsport.com\/loja\/wp-json\/wp\/v2\/media\/285"}],"wp:attachment":[{"href":"https:\/\/shortmotorsport.com\/loja\/wp-json\/wp\/v2\/media?parent=218"}],"wp:term":[{"taxonomy":"product_cat","embeddable":true,"href":"https:\/\/shortmotorsport.com\/loja\/wp-json\/wp\/v2\/product_cat?post=218"},{"taxonomy":"product_tag","embeddable":true,"href":"https:\/\/shortmotorsport.com\/loja\/wp-json\/wp\/v2\/product_tag?post=218"}],"curies":[{"name":"wp","href":"https:\/\/api.w.org\/{rel}","templated":true}]}}