

{"id":227,"date":"2017-12-24T20:05:07","date_gmt":"2017-12-24T22:05:07","guid":{"rendered":"https:\/\/shortmotorsport.com\/loja\/?post_type=product&#038;p=227"},"modified":"2026-01-15T09:39:21","modified_gmt":"2026-01-15T12:39:21","slug":"bolha-tenere-com-defletor-em-policarbonato-fume-4mm","status":"publish","type":"product","link":"https:\/\/shortmotorsport.com\/loja\/produto\/bolha-tenere-com-defletor-em-policarbonato-fume-4mm\/","title":{"rendered":"Bolha Tenere Com Defletor Em Policarbonato Fume 4mm"},"content":{"rendered":"<ul>\n<li>O policarbonato usado em nossas bolhas \u00e9 o mesmo material empregado em escudos, camada interna dos vidros blindados e canoplas de ca\u00e7as supers\u00f4nicos. Muito mais seguran\u00e7a! N\u00e3o trabalhamos com acr\u00edlico ou plexiglass alto impacto, nomes diferentes para o mesmo material fr\u00e1gil, que ao quebrar forma perigosas pontas cortantes.<\/li>\n<li>Encaixe perfeito gra\u00e7as as pe\u00e7as usinadas em CNC computadorizada.<\/li>\n<li>Protege contra o vento, insetos ou mesmo pedras grandes.<\/li>\n<li>O Desenho do defletor e da bolha foram desenvolvidos em nosso t\u00fanel de vento para melhor aerodin\u00e2mica.<\/li>\n<li>Voc\u00ea escolhe com, ou sem vento no rosto. Abaixe ou suba a regulagem. Em velocidades mais altas nas estradas, abaixe um pouco o defletor, ele continuar\u00e1 eficiente.<\/li>\n<li>Modelo \u00f3timo para estrada<\/li>\n<li>Largura &#8211; 31 cm \/ Altura defletor levantado &#8211; 51 cm \/ Altura com defletor abaixado &#8211; 49 cm<\/li>\n<li>Nosso Frete \u00e9 Gr\u00e1tis, via PAC dos Correios (ou Sedex para as localidades onde n\u00e3o h\u00e1 PAC), para entrega em todo o Brasil.<\/li>\n<li>Pol\u00edtica de entrega: O produto comprado, ser\u00e1 entregue pelos Correios , conforme preenchimento dos dados ao efetuar a compra do seu pedido.<\/li>\n<\/ul>\n<p class=\"product woocommerce add_to_cart_inline \" style=\"border:4px solid #ccc; padding: 12px;\"><del aria-hidden=\"true\"><span class=\"woocommerce-Price-amount amount\"><bdi><span class=\"woocommerce-Price-currencySymbol\">&#82;&#36;<\/span>370,00<\/bdi><\/span><\/del> <ins><span class=\"woocommerce-Price-amount amount\"><bdi><span class=\"woocommerce-Price-currencySymbol\">&#82;&#36;<\/span>350,00<\/bdi><\/span><\/ins><a href=\"?add-to-cart=227\" data-quantity=\"1\" class=\"button product_type_simple add_to_cart_button ajax_add_to_cart\" data-product_id=\"227\" data-product_sku=\"\" aria-label=\"Add to cart: &ldquo;Bolha Tenere Com Defletor Em Policarbonato Fume 4mm&rdquo;\" aria-describedby=\"\" rel=\"nofollow\">Comprar<\/a><\/p>\n","protected":false},"excerpt":{"rendered":"<p><img loading=\"lazy\" decoding=\"async\" class=\"aligncenter size-medium\" src=\"https:\/\/shortmotorsport.com\/loja\/wp-content\/uploads\/2018\/03\/banner4.png\" width=\"648\" height=\"95\" \/><\/p>\n<p><strong>Somos os fabricantes<\/strong>. Garantimos a <strong>qualidade<\/strong> de nossos produtos.<br \/>\nTemos estoque para <strong>atendimento imediato<\/strong>.<br \/>\nEmitimos nota fiscal.<\/p>\n<p>Fabricamos as <strong>\u00fanicas<\/strong> bolhas em POLICARBONATO 4 mm para a moto TENERE 250 no mercado. O policarbonato \u00e9 40 X mais resistente a impactos que o acr\u00edlico.<\/p>\n","protected":false},"featured_media":3618,"comment_status":"open","ping_status":"closed","template":"","meta":[],"product_cat":[20],"product_tag":[],"yoast_head":"<!-- This site is optimized with the Yoast SEO plugin v22.2 - https:\/\/yoast.com\/wordpress\/plugins\/seo\/ -->\n<title>Bolha Tenere Com Defletor Em Policarbonato Fume 4mm -<\/title>\n<meta name=\"description\" content=\"Somos os maiores fabricantes de bolhas e para-brisas para motos do Brasil! Venha conhecer nossa loja e encontre o modelo ideal para sua moto.\" \/>\n<meta name=\"robots\" content=\"index, follow, max-snippet:-1, max-image-preview:large, max-video-preview:-1\" \/>\n<link rel=\"canonical\" href=\"https:\/\/shortmotorsport.com\/loja\/produto\/bolha-tenere-com-defletor-em-policarbonato-fume-4mm\/\" \/>\n<meta property=\"og:locale\" content=\"pt_BR\" \/>\n<meta property=\"og:type\" content=\"article\" \/>\n<meta property=\"og:title\" content=\"Bolha Tenere Com Defletor Em Policarbonato Fume 4mm -\" \/>\n<meta property=\"og:description\" content=\"Somos os maiores fabricantes de bolhas e para-brisas para motos do Brasil! Venha conhecer nossa loja e encontre o modelo ideal para sua moto.\" \/>\n<meta property=\"og:url\" content=\"https:\/\/shortmotorsport.com\/loja\/produto\/bolha-tenere-com-defletor-em-policarbonato-fume-4mm\/\" \/>\n<meta property=\"article:publisher\" content=\"https:\/\/www.facebook.com\/shortmotorsport\/\" \/>\n<meta property=\"article:modified_time\" content=\"2026-01-15T12:39:21+00:00\" \/>\n<meta property=\"og:image\" content=\"https:\/\/shortmotorsport.com\/loja\/wp-content\/uploads\/2017\/12\/fundo-branco-fume.jpg\" \/>\n\t<meta property=\"og:image:width\" content=\"1227\" \/>\n\t<meta property=\"og:image:height\" content=\"2047\" \/>\n\t<meta property=\"og:image:type\" content=\"image\/jpeg\" \/>\n<meta name=\"twitter:card\" content=\"summary_large_image\" \/>\n<meta name=\"twitter:label1\" content=\"Est. tempo de leitura\" \/>\n\t<meta name=\"twitter:data1\" content=\"1 minuto\" \/>\n<script type=\"application\/ld+json\" class=\"yoast-schema-graph\">{\"@context\":\"https:\/\/schema.org\",\"@graph\":[{\"@type\":\"WebPage\",\"@id\":\"https:\/\/shortmotorsport.com\/loja\/produto\/bolha-tenere-com-defletor-em-policarbonato-fume-4mm\/\",\"url\":\"https:\/\/shortmotorsport.com\/loja\/produto\/bolha-tenere-com-defletor-em-policarbonato-fume-4mm\/\",\"name\":\"Bolha Tenere Com Defletor Em Policarbonato Fume 4mm -\",\"isPartOf\":{\"@id\":\"https:\/\/shortmotorsport.com\/loja\/#website\"},\"primaryImageOfPage\":{\"@id\":\"https:\/\/shortmotorsport.com\/loja\/produto\/bolha-tenere-com-defletor-em-policarbonato-fume-4mm\/#primaryimage\"},\"image\":{\"@id\":\"https:\/\/shortmotorsport.com\/loja\/produto\/bolha-tenere-com-defletor-em-policarbonato-fume-4mm\/#primaryimage\"},\"thumbnailUrl\":\"https:\/\/shortmotorsport.com\/loja\/wp-content\/uploads\/2017\/12\/fundo-branco-fume.jpg\",\"datePublished\":\"2017-12-24T22:05:07+00:00\",\"dateModified\":\"2026-01-15T12:39:21+00:00\",\"description\":\"Somos os maiores fabricantes de bolhas e para-brisas para motos do Brasil! Venha conhecer nossa loja e encontre o modelo ideal para sua moto.\",\"breadcrumb\":{\"@id\":\"https:\/\/shortmotorsport.com\/loja\/produto\/bolha-tenere-com-defletor-em-policarbonato-fume-4mm\/#breadcrumb\"},\"inLanguage\":\"pt-BR\",\"potentialAction\":[{\"@type\":\"ReadAction\",\"target\":[\"https:\/\/shortmotorsport.com\/loja\/produto\/bolha-tenere-com-defletor-em-policarbonato-fume-4mm\/\"]}]},{\"@type\":\"ImageObject\",\"inLanguage\":\"pt-BR\",\"@id\":\"https:\/\/shortmotorsport.com\/loja\/produto\/bolha-tenere-com-defletor-em-policarbonato-fume-4mm\/#primaryimage\",\"url\":\"https:\/\/shortmotorsport.com\/loja\/wp-content\/uploads\/2017\/12\/fundo-branco-fume.jpg\",\"contentUrl\":\"https:\/\/shortmotorsport.com\/loja\/wp-content\/uploads\/2017\/12\/fundo-branco-fume.jpg\",\"width\":1227,\"height\":2047},{\"@type\":\"BreadcrumbList\",\"@id\":\"https:\/\/shortmotorsport.com\/loja\/produto\/bolha-tenere-com-defletor-em-policarbonato-fume-4mm\/#breadcrumb\",\"itemListElement\":[{\"@type\":\"ListItem\",\"position\":1,\"name\":\"In\u00edcio\",\"item\":\"https:\/\/shortmotorsport.com\/loja\/\"},{\"@type\":\"ListItem\",\"position\":2,\"name\":\"Produtos\",\"item\":\"https:\/\/shortmotorsport.com\/loja\/loja\/\"},{\"@type\":\"ListItem\",\"position\":3,\"name\":\"Bolha Tenere Com Defletor Em Policarbonato Fume 4mm\"}]},{\"@type\":\"WebSite\",\"@id\":\"https:\/\/shortmotorsport.com\/loja\/#website\",\"url\":\"https:\/\/shortmotorsport.com\/loja\/\",\"name\":\"\",\"description\":\"\",\"publisher\":{\"@id\":\"https:\/\/shortmotorsport.com\/loja\/#organization\"},\"potentialAction\":[{\"@type\":\"SearchAction\",\"target\":{\"@type\":\"EntryPoint\",\"urlTemplate\":\"https:\/\/shortmotorsport.com\/loja\/?s={search_term_string}\"},\"query-input\":\"required name=search_term_string\"}],\"inLanguage\":\"pt-BR\"},{\"@type\":\"Organization\",\"@id\":\"https:\/\/shortmotorsport.com\/loja\/#organization\",\"name\":\"Short Motorsport\",\"url\":\"https:\/\/shortmotorsport.com\/loja\/\",\"logo\":{\"@type\":\"ImageObject\",\"inLanguage\":\"pt-BR\",\"@id\":\"https:\/\/shortmotorsport.com\/loja\/#\/schema\/logo\/image\/\",\"url\":\"https:\/\/shortmotorsport.com\/loja\/wp-content\/uploads\/2017\/11\/logo.png\",\"contentUrl\":\"https:\/\/shortmotorsport.com\/loja\/wp-content\/uploads\/2017\/11\/logo.png\",\"width\":500,\"height\":96,\"caption\":\"Short Motorsport\"},\"image\":{\"@id\":\"https:\/\/shortmotorsport.com\/loja\/#\/schema\/logo\/image\/\"},\"sameAs\":[\"https:\/\/www.facebook.com\/shortmotorsport\/\"]}]}<\/script>\n<!-- \/ Yoast SEO plugin. -->","yoast_head_json":{"title":"Bolha Tenere Com Defletor Em Policarbonato Fume 4mm -","description":"Somos os maiores fabricantes de bolhas e para-brisas para motos do Brasil! Venha conhecer nossa loja e encontre o modelo ideal para sua moto.","robots":{"index":"index","follow":"follow","max-snippet":"max-snippet:-1","max-image-preview":"max-image-preview:large","max-video-preview":"max-video-preview:-1"},"canonical":"https:\/\/shortmotorsport.com\/loja\/produto\/bolha-tenere-com-defletor-em-policarbonato-fume-4mm\/","og_locale":"pt_BR","og_type":"article","og_title":"Bolha Tenere Com Defletor Em Policarbonato Fume 4mm -","og_description":"Somos os maiores fabricantes de bolhas e para-brisas para motos do Brasil! Venha conhecer nossa loja e encontre o modelo ideal para sua moto.","og_url":"https:\/\/shortmotorsport.com\/loja\/produto\/bolha-tenere-com-defletor-em-policarbonato-fume-4mm\/","article_publisher":"https:\/\/www.facebook.com\/shortmotorsport\/","article_modified_time":"2026-01-15T12:39:21+00:00","og_image":[{"width":1227,"height":2047,"url":"https:\/\/shortmotorsport.com\/loja\/wp-content\/uploads\/2017\/12\/fundo-branco-fume.jpg","type":"image\/jpeg"}],"twitter_card":"summary_large_image","twitter_misc":{"Est. tempo de leitura":"1 minuto"},"schema":{"@context":"https:\/\/schema.org","@graph":[{"@type":"WebPage","@id":"https:\/\/shortmotorsport.com\/loja\/produto\/bolha-tenere-com-defletor-em-policarbonato-fume-4mm\/","url":"https:\/\/shortmotorsport.com\/loja\/produto\/bolha-tenere-com-defletor-em-policarbonato-fume-4mm\/","name":"Bolha Tenere Com Defletor Em Policarbonato Fume 4mm -","isPartOf":{"@id":"https:\/\/shortmotorsport.com\/loja\/#website"},"primaryImageOfPage":{"@id":"https:\/\/shortmotorsport.com\/loja\/produto\/bolha-tenere-com-defletor-em-policarbonato-fume-4mm\/#primaryimage"},"image":{"@id":"https:\/\/shortmotorsport.com\/loja\/produto\/bolha-tenere-com-defletor-em-policarbonato-fume-4mm\/#primaryimage"},"thumbnailUrl":"https:\/\/shortmotorsport.com\/loja\/wp-content\/uploads\/2017\/12\/fundo-branco-fume.jpg","datePublished":"2017-12-24T22:05:07+00:00","dateModified":"2026-01-15T12:39:21+00:00","description":"Somos os maiores fabricantes de bolhas e para-brisas para motos do Brasil! Venha conhecer nossa loja e encontre o modelo ideal para sua moto.","breadcrumb":{"@id":"https:\/\/shortmotorsport.com\/loja\/produto\/bolha-tenere-com-defletor-em-policarbonato-fume-4mm\/#breadcrumb"},"inLanguage":"pt-BR","potentialAction":[{"@type":"ReadAction","target":["https:\/\/shortmotorsport.com\/loja\/produto\/bolha-tenere-com-defletor-em-policarbonato-fume-4mm\/"]}]},{"@type":"ImageObject","inLanguage":"pt-BR","@id":"https:\/\/shortmotorsport.com\/loja\/produto\/bolha-tenere-com-defletor-em-policarbonato-fume-4mm\/#primaryimage","url":"https:\/\/shortmotorsport.com\/loja\/wp-content\/uploads\/2017\/12\/fundo-branco-fume.jpg","contentUrl":"https:\/\/shortmotorsport.com\/loja\/wp-content\/uploads\/2017\/12\/fundo-branco-fume.jpg","width":1227,"height":2047},{"@type":"BreadcrumbList","@id":"https:\/\/shortmotorsport.com\/loja\/produto\/bolha-tenere-com-defletor-em-policarbonato-fume-4mm\/#breadcrumb","itemListElement":[{"@type":"ListItem","position":1,"name":"In\u00edcio","item":"https:\/\/shortmotorsport.com\/loja\/"},{"@type":"ListItem","position":2,"name":"Produtos","item":"https:\/\/shortmotorsport.com\/loja\/loja\/"},{"@type":"ListItem","position":3,"name":"Bolha Tenere Com Defletor Em Policarbonato Fume 4mm"}]},{"@type":"WebSite","@id":"https:\/\/shortmotorsport.com\/loja\/#website","url":"https:\/\/shortmotorsport.com\/loja\/","name":"","description":"","publisher":{"@id":"https:\/\/shortmotorsport.com\/loja\/#organization"},"potentialAction":[{"@type":"SearchAction","target":{"@type":"EntryPoint","urlTemplate":"https:\/\/shortmotorsport.com\/loja\/?s={search_term_string}"},"query-input":"required name=search_term_string"}],"inLanguage":"pt-BR"},{"@type":"Organization","@id":"https:\/\/shortmotorsport.com\/loja\/#organization","name":"Short Motorsport","url":"https:\/\/shortmotorsport.com\/loja\/","logo":{"@type":"ImageObject","inLanguage":"pt-BR","@id":"https:\/\/shortmotorsport.com\/loja\/#\/schema\/logo\/image\/","url":"https:\/\/shortmotorsport.com\/loja\/wp-content\/uploads\/2017\/11\/logo.png","contentUrl":"https:\/\/shortmotorsport.com\/loja\/wp-content\/uploads\/2017\/11\/logo.png","width":500,"height":96,"caption":"Short Motorsport"},"image":{"@id":"https:\/\/shortmotorsport.com\/loja\/#\/schema\/logo\/image\/"},"sameAs":["https:\/\/www.facebook.com\/shortmotorsport\/"]}]}},"_links":{"self":[{"href":"https:\/\/shortmotorsport.com\/loja\/wp-json\/wp\/v2\/product\/227"}],"collection":[{"href":"https:\/\/shortmotorsport.com\/loja\/wp-json\/wp\/v2\/product"}],"about":[{"href":"https:\/\/shortmotorsport.com\/loja\/wp-json\/wp\/v2\/types\/product"}],"replies":[{"embeddable":true,"href":"https:\/\/shortmotorsport.com\/loja\/wp-json\/wp\/v2\/comments?post=227"}],"wp:featuredmedia":[{"embeddable":true,"href":"https:\/\/shortmotorsport.com\/loja\/wp-json\/wp\/v2\/media\/3618"}],"wp:attachment":[{"href":"https:\/\/shortmotorsport.com\/loja\/wp-json\/wp\/v2\/media?parent=227"}],"wp:term":[{"taxonomy":"product_cat","embeddable":true,"href":"https:\/\/shortmotorsport.com\/loja\/wp-json\/wp\/v2\/product_cat?post=227"},{"taxonomy":"product_tag","embeddable":true,"href":"https:\/\/shortmotorsport.com\/loja\/wp-json\/wp\/v2\/product_tag?post=227"}],"curies":[{"name":"wp","href":"https:\/\/api.w.org\/{rel}","templated":true}]}}