

{"id":236,"date":"2017-12-24T21:03:47","date_gmt":"2017-12-24T23:03:47","guid":{"rendered":"https:\/\/shortmotorsport.com\/loja\/?post_type=product&#038;p=236"},"modified":"2026-03-26T19:31:13","modified_gmt":"2026-03-26T22:31:13","slug":"bolha-universal-policarbonato-cristal-com-defletor-regulavel","status":"publish","type":"product","link":"https:\/\/shortmotorsport.com\/loja\/produto\/bolha-universal-policarbonato-cristal-com-defletor-regulavel\/","title":{"rendered":"Bolha Universal Policarbonato Cristal com Defletor Regul\u00e1vel"},"content":{"rendered":"<ul>\n<li>Fabricada em policarbonato, material 40 vezes mais resistente que o acr\u00edlico. \u00c9 o mesmo material usado em escudos, camada interna nos vidros blindados e canoplas de ca\u00e7as supers\u00f4nicos. O material mais seguro do mercado.<\/li>\n<li>N\u00e3o trabalhamos com acr\u00edlico ou plexiglass alto impacto, nomes diferentes para o mesmo material fr\u00e1gil, que quebra facilmente.<\/li>\n<li>Transpar\u00eancia 100% \u00f3tica, n\u00e3o amarela nunca.<\/li>\n<li>Encaixe perfeito, pe\u00e7as usinadas em CNC computadorizada.<\/li>\n<li>Design moderno e eficiente, desenvolvido em nosso t\u00fanel de vento para melhor aerodin\u00e2mica. Protege contra o vento, insetos ou mesmo pedras grandes.<\/li>\n<li>Suporte refor\u00e7ado. Vem completa para instalar, folheto de instru\u00e7\u00f5es, ferragens com tratamento anti-ferrugem de zinco negro de alta resist\u00eancia, parafusos, ferramenta para aperto\u00a0 dos man\u00edpulos. F\u00e1cil aperto e regulagem da bolha, por meio dos man\u00edpulos. Na montagem escolha a posi\u00e7\u00e3o alta ou baixa da bolha virando as hastes suporte em L.<\/li>\n<li>Pode ser instalado em motos com guid\u00e3o de 20 a 25 mm de di\u00e2metro 95% das motos do mercado.<\/li>\n<li>Para guid\u00e3os de 32 mm como os das Harley-Davdson ou Indian, nos avise ao comprar para enviarmos parafusos 1cm mais compridos.<\/li>\n<li>Dimens\u00f5es: Largura 40 cm X Altura com defletor alto 50 cm, com defletor baixo 44 cm.<\/li>\n<\/ul>\n<p>Rela\u00e7\u00e3o de motos compat\u00edveis<\/p>\n<p>Categoria Naked<br \/>\nHarley-Davidson XR 1200<br \/>\nBMW R1200RClassic, F800 R<br \/>\nHonda CB1000R, CB600F Hornet, CB 650F, CB 500F, CB1100,<br \/>\nHusqvarna Nuda 900 R<br \/>\nKasinski GT 650<br \/>\nKTM 690 Duke<br \/>\nSuzuki Bandit1250 S, Bandit 650 S, Glaudius 650, GSR 750, Inazuma 250<br \/>\nTriumph Scrambler, Street Triple, BONNEVILLE T100<br \/>\nYamaha FZ8, MT-03, MT-07, MT-09 Street Rally, FZ-09, XJ-6N, XJR 1300<br \/>\nMoto Guzzi V7<br \/>\nRoyal Enfield Continental GT<\/p>\n<p>Categoria Maxtrail<br \/>\nKTM 690SMC R<br \/>\nYamaha XT660r, XT660X<\/p>\n<p>Categoria Custom<br \/>\nHarley-Davidson XL200 Custom, 883Iron, 883 Roadster, Blackline, Dina Fat Bob, Dyna Super Glide Custom, Fat Boy \u2013Special, Night Rod Special, Softail Deluxe, V-Rod Muscle 10 Anniversary, XR 1200X, CVO Breakout, Sportster 883R, Sportster 1200Custom, Sportster Fourty-Eight, Sportster XL1200 CB<br \/>\nFym FY 250<br \/>\nHonda Shadow 750<br \/>\nKawasaki Vulcan 900 Classic, Vulcan 900 Custom<br \/>\nSuzuki Boulevard M 1500, Boulevard M 1500R, Boulevard M800, Boulevard M800R, Intruder 150, Intruder 250, BoulevardM109R B.O.S.S. , Boulevard 1800R<br \/>\nYamaha XVS 950A Midnight Star, XV 950R, XVS 1300, YBR 125 Custom, Drag Star 650<br \/>\nKasinski Mirage 150, Mirage 250, Mirage 650<br \/>\nMIZA Drago 150<br \/>\nMVK Black Star, Fenix<br \/>\nTriumph Thunderbird Commander, Thunderbird Storm ABS<br \/>\nMoto Guzzi California 1400 Custom<br \/>\nDafra Kansas 150, Horizon 250<br \/>\nVictory Hammer 8-Ball<br \/>\nMarauder 800<br \/>\nSundown V Blade 250<br \/>\nIndian Midsize Scout, Cruiser Chief Classic<\/p>\n<p>Categoria City<br \/>\nDafra Apache 150, Next 250,Riva 150, Speed 150, Horizon 250, Super 100<br \/>\nGarini GR 125 ST<br \/>\nHaobao HB 150<br \/>\nHonda CB300R, CG 125FAN, CG 150 FAN, CG 150Titan, Grom 125<br \/>\nIros Action ESA-ES, One EX,<br \/>\nJonny Motos Naked, Quick 150, Texas<br \/>\nKasinski Comet 150, Comet GT 250, Mirage 150, Mirage 250<br \/>\nKeeway RKS 150<br \/>\nKTM Duke 125<br \/>\nMiza Fast 150, Skema 125<br \/>\nMVK Street<br \/>\nShineray 150 MAX<br \/>\nSundown MAX SE, MAX SED, Max 125<br \/>\nSuzuki GS 120, GSR 125, GSR125 S, GSR 150I, Inazuma 250, Yes 125, Intruder 125, Intruder 250<br \/>\nTraxxt Joto 135, Work 125, Vector 150<br \/>\nYamaha Fazer 150, Fazer YS 250 Blue Flex, FZ16, YBR Factor, SR 400<\/p>\n<p>Categoria Trail<br \/>\nHonda CRF 250L, NX400 Falcon, NXR 150 Bros<br \/>\nKasinski CRZ OFF ROAD, CRZ SM, D-Trackerx<br \/>\nShineray 150 GY Explorer<br \/>\nSundown STX Motard, STX<br \/>\nSuzuki DR 125 SM<br \/>\nTraxx Fly 135<br \/>\nYamaha WR 250R \u2013 X, XTZ 125, XTZ 125X, XT 225<br \/>\nXTZ 250 Lander, XT600<\/p>\n<p>Categoria Cub<br \/>\nDafra Super 100, Super 50,<br \/>\nHonda Pop 100<br \/>\nShineray 50 Eagle, 50 Super Smart<\/p>\n<p>Nosso Frete \u00e9 Gr\u00e1tis, via PAC dos Correios (ou Sedex para as localidades onde n\u00e3o h\u00e1 PAC), para entrega em todo o Brasil.<\/p>\n<p>Pol\u00edtica de entrega: O produto comprado, ser\u00e1 entregue pelos Correios , conforme preenchimento dos dados ao efetuar a compra do seu pedido.<\/p>\n<p class=\"product woocommerce add_to_cart_inline \" style=\"border:4px solid #ccc; padding: 12px;\"><span class=\"woocommerce-Price-amount amount\"><bdi><span class=\"woocommerce-Price-currencySymbol\">&#82;&#36;<\/span>420,00<\/bdi><\/span><a href=\"?add-to-cart=236\" data-quantity=\"1\" class=\"button product_type_simple add_to_cart_button ajax_add_to_cart\" data-product_id=\"236\" data-product_sku=\"\" aria-label=\"Add to cart: &ldquo;Bolha Universal Policarbonato Cristal com Defletor Regul\u00e1vel&rdquo;\" aria-describedby=\"\" rel=\"nofollow\">Comprar<\/a><\/p>\n","protected":false},"excerpt":{"rendered":"<p><img loading=\"lazy\" decoding=\"async\" class=\"aligncenter size-medium\" src=\"https:\/\/shortmotorsport.com\/loja\/wp-content\/uploads\/2018\/03\/banner4.png\" width=\"648\" height=\"95\" \/><\/p>\n<p>Voc\u00ea escolhe com ou sem vento no rosto, suba ou abaixe a regulagem. Bolha universal, adapt\u00e1vel na grande maioria de motos, pequenas, m\u00e9dias e grandes (confira a lista abaixo). Desenvolvida em nosso t\u00fanel de vento, \u00e9\u00a0 adequado para diversos modelos de moto, proporcionando menor trepida\u00e7\u00e3o no capacete, aumentando o conforto. \u00d3tima para utiliza\u00e7\u00e3o em cidade e rodovia.<\/p>\n<p><strong>Somos os fabricantes<\/strong>. Garantimos a <strong>qualidade<\/strong> de nossos produtos.<br \/>\nTemos estoque para <strong>atendimento imediato<\/strong>.<br \/>\nEmitimos nota fiscal.<\/p>\n","protected":false},"featured_media":3619,"comment_status":"open","ping_status":"closed","template":"","meta":[],"product_cat":[19],"product_tag":[],"yoast_head":"<!-- This site is optimized with the Yoast SEO plugin v22.2 - https:\/\/yoast.com\/wordpress\/plugins\/seo\/ -->\n<title>Bolha Universal Policarbonato Cristal com Defletor Regul\u00e1vel -<\/title>\n<meta name=\"description\" content=\"Somos os maiores fabricantes de bolhas e para-brisas para motos do Brasil! Venha conhecer nossa loja e encontre o modelo ideal para sua moto.\" \/>\n<meta name=\"robots\" content=\"index, follow, max-snippet:-1, max-image-preview:large, max-video-preview:-1\" \/>\n<link rel=\"canonical\" href=\"https:\/\/shortmotorsport.com\/loja\/produto\/bolha-universal-policarbonato-cristal-com-defletor-regulavel\/\" \/>\n<meta property=\"og:locale\" content=\"pt_BR\" \/>\n<meta property=\"og:type\" content=\"article\" \/>\n<meta property=\"og:title\" content=\"Bolha Universal Policarbonato Cristal com Defletor Regul\u00e1vel -\" \/>\n<meta property=\"og:description\" content=\"Somos os maiores fabricantes de bolhas e para-brisas para motos do Brasil! Venha conhecer nossa loja e encontre o modelo ideal para sua moto.\" \/>\n<meta property=\"og:url\" content=\"https:\/\/shortmotorsport.com\/loja\/produto\/bolha-universal-policarbonato-cristal-com-defletor-regulavel\/\" \/>\n<meta property=\"article:publisher\" content=\"https:\/\/www.facebook.com\/shortmotorsport\/\" \/>\n<meta property=\"article:modified_time\" content=\"2026-03-26T22:31:13+00:00\" \/>\n<meta property=\"og:image\" content=\"https:\/\/shortmotorsport.com\/loja\/wp-content\/uploads\/2017\/12\/frente-uni-defle-jp-sem-moldura.jpg\" \/>\n\t<meta property=\"og:image:width\" content=\"1363\" \/>\n\t<meta property=\"og:image:height\" content=\"1864\" \/>\n\t<meta property=\"og:image:type\" content=\"image\/jpeg\" \/>\n<meta name=\"twitter:card\" content=\"summary_large_image\" \/>\n<meta name=\"twitter:label1\" content=\"Est. tempo de leitura\" \/>\n\t<meta name=\"twitter:data1\" content=\"4 minutos\" \/>\n<script type=\"application\/ld+json\" class=\"yoast-schema-graph\">{\"@context\":\"https:\/\/schema.org\",\"@graph\":[{\"@type\":\"WebPage\",\"@id\":\"https:\/\/shortmotorsport.com\/loja\/produto\/bolha-universal-policarbonato-cristal-com-defletor-regulavel\/\",\"url\":\"https:\/\/shortmotorsport.com\/loja\/produto\/bolha-universal-policarbonato-cristal-com-defletor-regulavel\/\",\"name\":\"Bolha Universal Policarbonato Cristal com Defletor Regul\u00e1vel -\",\"isPartOf\":{\"@id\":\"https:\/\/shortmotorsport.com\/loja\/#website\"},\"primaryImageOfPage\":{\"@id\":\"https:\/\/shortmotorsport.com\/loja\/produto\/bolha-universal-policarbonato-cristal-com-defletor-regulavel\/#primaryimage\"},\"image\":{\"@id\":\"https:\/\/shortmotorsport.com\/loja\/produto\/bolha-universal-policarbonato-cristal-com-defletor-regulavel\/#primaryimage\"},\"thumbnailUrl\":\"https:\/\/shortmotorsport.com\/loja\/wp-content\/uploads\/2017\/12\/frente-uni-defle-jp-sem-moldura.jpg\",\"datePublished\":\"2017-12-24T23:03:47+00:00\",\"dateModified\":\"2026-03-26T22:31:13+00:00\",\"description\":\"Somos os maiores fabricantes de bolhas e para-brisas para motos do Brasil! Venha conhecer nossa loja e encontre o modelo ideal para sua moto.\",\"breadcrumb\":{\"@id\":\"https:\/\/shortmotorsport.com\/loja\/produto\/bolha-universal-policarbonato-cristal-com-defletor-regulavel\/#breadcrumb\"},\"inLanguage\":\"pt-BR\",\"potentialAction\":[{\"@type\":\"ReadAction\",\"target\":[\"https:\/\/shortmotorsport.com\/loja\/produto\/bolha-universal-policarbonato-cristal-com-defletor-regulavel\/\"]}]},{\"@type\":\"ImageObject\",\"inLanguage\":\"pt-BR\",\"@id\":\"https:\/\/shortmotorsport.com\/loja\/produto\/bolha-universal-policarbonato-cristal-com-defletor-regulavel\/#primaryimage\",\"url\":\"https:\/\/shortmotorsport.com\/loja\/wp-content\/uploads\/2017\/12\/frente-uni-defle-jp-sem-moldura.jpg\",\"contentUrl\":\"https:\/\/shortmotorsport.com\/loja\/wp-content\/uploads\/2017\/12\/frente-uni-defle-jp-sem-moldura.jpg\",\"width\":1363,\"height\":1864},{\"@type\":\"BreadcrumbList\",\"@id\":\"https:\/\/shortmotorsport.com\/loja\/produto\/bolha-universal-policarbonato-cristal-com-defletor-regulavel\/#breadcrumb\",\"itemListElement\":[{\"@type\":\"ListItem\",\"position\":1,\"name\":\"In\u00edcio\",\"item\":\"https:\/\/shortmotorsport.com\/loja\/\"},{\"@type\":\"ListItem\",\"position\":2,\"name\":\"Produtos\",\"item\":\"https:\/\/shortmotorsport.com\/loja\/loja\/\"},{\"@type\":\"ListItem\",\"position\":3,\"name\":\"Bolha Universal Policarbonato Cristal com Defletor Regul\u00e1vel\"}]},{\"@type\":\"WebSite\",\"@id\":\"https:\/\/shortmotorsport.com\/loja\/#website\",\"url\":\"https:\/\/shortmotorsport.com\/loja\/\",\"name\":\"\",\"description\":\"\",\"publisher\":{\"@id\":\"https:\/\/shortmotorsport.com\/loja\/#organization\"},\"potentialAction\":[{\"@type\":\"SearchAction\",\"target\":{\"@type\":\"EntryPoint\",\"urlTemplate\":\"https:\/\/shortmotorsport.com\/loja\/?s={search_term_string}\"},\"query-input\":\"required name=search_term_string\"}],\"inLanguage\":\"pt-BR\"},{\"@type\":\"Organization\",\"@id\":\"https:\/\/shortmotorsport.com\/loja\/#organization\",\"name\":\"Short Motorsport\",\"url\":\"https:\/\/shortmotorsport.com\/loja\/\",\"logo\":{\"@type\":\"ImageObject\",\"inLanguage\":\"pt-BR\",\"@id\":\"https:\/\/shortmotorsport.com\/loja\/#\/schema\/logo\/image\/\",\"url\":\"https:\/\/shortmotorsport.com\/loja\/wp-content\/uploads\/2017\/11\/logo.png\",\"contentUrl\":\"https:\/\/shortmotorsport.com\/loja\/wp-content\/uploads\/2017\/11\/logo.png\",\"width\":500,\"height\":96,\"caption\":\"Short Motorsport\"},\"image\":{\"@id\":\"https:\/\/shortmotorsport.com\/loja\/#\/schema\/logo\/image\/\"},\"sameAs\":[\"https:\/\/www.facebook.com\/shortmotorsport\/\"]}]}<\/script>\n<!-- \/ Yoast SEO plugin. -->","yoast_head_json":{"title":"Bolha Universal Policarbonato Cristal com Defletor Regul\u00e1vel -","description":"Somos os maiores fabricantes de bolhas e para-brisas para motos do Brasil! Venha conhecer nossa loja e encontre o modelo ideal para sua moto.","robots":{"index":"index","follow":"follow","max-snippet":"max-snippet:-1","max-image-preview":"max-image-preview:large","max-video-preview":"max-video-preview:-1"},"canonical":"https:\/\/shortmotorsport.com\/loja\/produto\/bolha-universal-policarbonato-cristal-com-defletor-regulavel\/","og_locale":"pt_BR","og_type":"article","og_title":"Bolha Universal Policarbonato Cristal com Defletor Regul\u00e1vel -","og_description":"Somos os maiores fabricantes de bolhas e para-brisas para motos do Brasil! Venha conhecer nossa loja e encontre o modelo ideal para sua moto.","og_url":"https:\/\/shortmotorsport.com\/loja\/produto\/bolha-universal-policarbonato-cristal-com-defletor-regulavel\/","article_publisher":"https:\/\/www.facebook.com\/shortmotorsport\/","article_modified_time":"2026-03-26T22:31:13+00:00","og_image":[{"width":1363,"height":1864,"url":"https:\/\/shortmotorsport.com\/loja\/wp-content\/uploads\/2017\/12\/frente-uni-defle-jp-sem-moldura.jpg","type":"image\/jpeg"}],"twitter_card":"summary_large_image","twitter_misc":{"Est. tempo de leitura":"4 minutos"},"schema":{"@context":"https:\/\/schema.org","@graph":[{"@type":"WebPage","@id":"https:\/\/shortmotorsport.com\/loja\/produto\/bolha-universal-policarbonato-cristal-com-defletor-regulavel\/","url":"https:\/\/shortmotorsport.com\/loja\/produto\/bolha-universal-policarbonato-cristal-com-defletor-regulavel\/","name":"Bolha Universal Policarbonato Cristal com Defletor Regul\u00e1vel -","isPartOf":{"@id":"https:\/\/shortmotorsport.com\/loja\/#website"},"primaryImageOfPage":{"@id":"https:\/\/shortmotorsport.com\/loja\/produto\/bolha-universal-policarbonato-cristal-com-defletor-regulavel\/#primaryimage"},"image":{"@id":"https:\/\/shortmotorsport.com\/loja\/produto\/bolha-universal-policarbonato-cristal-com-defletor-regulavel\/#primaryimage"},"thumbnailUrl":"https:\/\/shortmotorsport.com\/loja\/wp-content\/uploads\/2017\/12\/frente-uni-defle-jp-sem-moldura.jpg","datePublished":"2017-12-24T23:03:47+00:00","dateModified":"2026-03-26T22:31:13+00:00","description":"Somos os maiores fabricantes de bolhas e para-brisas para motos do Brasil! Venha conhecer nossa loja e encontre o modelo ideal para sua moto.","breadcrumb":{"@id":"https:\/\/shortmotorsport.com\/loja\/produto\/bolha-universal-policarbonato-cristal-com-defletor-regulavel\/#breadcrumb"},"inLanguage":"pt-BR","potentialAction":[{"@type":"ReadAction","target":["https:\/\/shortmotorsport.com\/loja\/produto\/bolha-universal-policarbonato-cristal-com-defletor-regulavel\/"]}]},{"@type":"ImageObject","inLanguage":"pt-BR","@id":"https:\/\/shortmotorsport.com\/loja\/produto\/bolha-universal-policarbonato-cristal-com-defletor-regulavel\/#primaryimage","url":"https:\/\/shortmotorsport.com\/loja\/wp-content\/uploads\/2017\/12\/frente-uni-defle-jp-sem-moldura.jpg","contentUrl":"https:\/\/shortmotorsport.com\/loja\/wp-content\/uploads\/2017\/12\/frente-uni-defle-jp-sem-moldura.jpg","width":1363,"height":1864},{"@type":"BreadcrumbList","@id":"https:\/\/shortmotorsport.com\/loja\/produto\/bolha-universal-policarbonato-cristal-com-defletor-regulavel\/#breadcrumb","itemListElement":[{"@type":"ListItem","position":1,"name":"In\u00edcio","item":"https:\/\/shortmotorsport.com\/loja\/"},{"@type":"ListItem","position":2,"name":"Produtos","item":"https:\/\/shortmotorsport.com\/loja\/loja\/"},{"@type":"ListItem","position":3,"name":"Bolha Universal Policarbonato Cristal com Defletor Regul\u00e1vel"}]},{"@type":"WebSite","@id":"https:\/\/shortmotorsport.com\/loja\/#website","url":"https:\/\/shortmotorsport.com\/loja\/","name":"","description":"","publisher":{"@id":"https:\/\/shortmotorsport.com\/loja\/#organization"},"potentialAction":[{"@type":"SearchAction","target":{"@type":"EntryPoint","urlTemplate":"https:\/\/shortmotorsport.com\/loja\/?s={search_term_string}"},"query-input":"required name=search_term_string"}],"inLanguage":"pt-BR"},{"@type":"Organization","@id":"https:\/\/shortmotorsport.com\/loja\/#organization","name":"Short Motorsport","url":"https:\/\/shortmotorsport.com\/loja\/","logo":{"@type":"ImageObject","inLanguage":"pt-BR","@id":"https:\/\/shortmotorsport.com\/loja\/#\/schema\/logo\/image\/","url":"https:\/\/shortmotorsport.com\/loja\/wp-content\/uploads\/2017\/11\/logo.png","contentUrl":"https:\/\/shortmotorsport.com\/loja\/wp-content\/uploads\/2017\/11\/logo.png","width":500,"height":96,"caption":"Short Motorsport"},"image":{"@id":"https:\/\/shortmotorsport.com\/loja\/#\/schema\/logo\/image\/"},"sameAs":["https:\/\/www.facebook.com\/shortmotorsport\/"]}]}},"_links":{"self":[{"href":"https:\/\/shortmotorsport.com\/loja\/wp-json\/wp\/v2\/product\/236"}],"collection":[{"href":"https:\/\/shortmotorsport.com\/loja\/wp-json\/wp\/v2\/product"}],"about":[{"href":"https:\/\/shortmotorsport.com\/loja\/wp-json\/wp\/v2\/types\/product"}],"replies":[{"embeddable":true,"href":"https:\/\/shortmotorsport.com\/loja\/wp-json\/wp\/v2\/comments?post=236"}],"wp:featuredmedia":[{"embeddable":true,"href":"https:\/\/shortmotorsport.com\/loja\/wp-json\/wp\/v2\/media\/3619"}],"wp:attachment":[{"href":"https:\/\/shortmotorsport.com\/loja\/wp-json\/wp\/v2\/media?parent=236"}],"wp:term":[{"taxonomy":"product_cat","embeddable":true,"href":"https:\/\/shortmotorsport.com\/loja\/wp-json\/wp\/v2\/product_cat?post=236"},{"taxonomy":"product_tag","embeddable":true,"href":"https:\/\/shortmotorsport.com\/loja\/wp-json\/wp\/v2\/product_tag?post=236"}],"curies":[{"name":"wp","href":"https:\/\/api.w.org\/{rel}","templated":true}]}}