

{"id":2393,"date":"2020-07-03T11:17:47","date_gmt":"2020-07-03T14:17:47","guid":{"rendered":"https:\/\/shortmotorsport.com\/loja\/?post_type=product&#038;p=2393"},"modified":"2025-12-06T12:35:56","modified_gmt":"2025-12-06T15:35:56","slug":"bolha-universal-sport-defletor-regulavel-policarbonato-4-mm-fume","status":"publish","type":"product","link":"https:\/\/shortmotorsport.com\/loja\/produto\/bolha-universal-sport-defletor-regulavel-policarbonato-4-mm-fume\/","title":{"rendered":"Bolha Universal Sport Defletor Regul\u00e1vel Policarbonato 4 mm Fum\u00ea"},"content":{"rendered":"<p>Novo modelo de bolha universal projetada para motos esportivas modernas ou de farol trapezoidal.<br \/>\nSeu desenho aerodin\u00e2mico desenvolvido em nosso t\u00fanel de vento , \u00e9 mais adequado para velocidades maiores em rela\u00e7\u00e3o aos modelos tradicionais de bolhas universais . Seu defletor com altura regul\u00e1vel permite melhor controle do fluxo de vento sobre o motociclista.<br \/>\nN\u00e3o \u00e9 bolha para motos de corrida em aut\u00f3dromos, mas bolha para utiliza\u00e7\u00e3o em cidade e rodovia.<\/p>\n<p>Somos os fabricantes. Garantimos a qualidade de nossos produtos.<br \/>\nTemos estoque para atendimento imediato<\/p>\n<p>Fabricado em POLICARBONATO Fum\u00ea 4 mm.<br \/>\n40x mais o resistente que o acr\u00edlico,<br \/>\nSEGURAN\u00c7A !<br \/>\nTranspar\u00eancia 100% \u00f3tica este produto tem \u00f3tima rela\u00e7\u00e3o de custo\/beneficio.<br \/>\nPre\u00e7o especial de Lan\u00e7amento. Aproveite.<br \/>\nN\u00e3o trabalhamos com acr\u00edlico ou plexiglas alto impacto, nomes diferentes para o mesmo material fr\u00e1gil,que ao quebra forma perigosas pontas cortantes.<\/p>\n<p>Veja o v\u00eddeo comparando a resist\u00eancia entre o acr\u00edlico e a nossa bolha em policarbonato.<br \/>\nSuporte refor\u00e7ado.<br \/>\nF\u00e1cil aperto e regulagem da bolha, por meio dos man\u00edpulos.<\/p>\n<p>Acompanha instru\u00e7\u00e3o de montagem, chave allen e chave para aperto dos man\u00edpulos.<br \/>\nPe\u00e7as usinadas em CNC computadorizada.<br \/>\nPode ser instalado em motos com guid\u00e3o de 20 a 25 mm de di\u00e2metro.Para diametros maiores solicite parafuso mais compridos.<br \/>\nFerragens com tratamento anti-ferrugem de zinco negro de alta resist\u00eancia.<\/p>\n","protected":false},"excerpt":{"rendered":"<p>Novo modelo de bolha universal projetada para motos esportivas modernas ou de farol trapezoidal. Seu desenho aerodin\u00e2mico desenvolvido em nosso t\u00fanel de vento , \u00e9 mais adequado para velocidades maiores em rela\u00e7\u00e3o aos modelos tradicionais de bolhas universais . Seu defletor com altura regul\u00e1vel permite melhor controle do fluxo de vento sobre o motociclista. N\u00e3o [&hellip;]<\/p>\n","protected":false},"featured_media":2397,"comment_status":"open","ping_status":"closed","template":"","meta":[],"product_cat":[19],"product_tag":[],"yoast_head":"<!-- This site is optimized with the Yoast SEO plugin v22.2 - https:\/\/yoast.com\/wordpress\/plugins\/seo\/ -->\n<title>Bolha Universal Sport Defletor Regul\u00e1vel Policarbonato 4 mm Fum\u00ea -<\/title>\n<meta name=\"description\" content=\"Somos os maiores fabricantes de bolhas e para-brisas para motos do Brasil! Venha conhecer nossa loja e encontre o modelo ideal para sua moto.\" \/>\n<meta name=\"robots\" content=\"index, follow, max-snippet:-1, max-image-preview:large, max-video-preview:-1\" \/>\n<link rel=\"canonical\" href=\"https:\/\/shortmotorsport.com\/loja\/produto\/bolha-universal-sport-defletor-regulavel-policarbonato-4-mm-fume\/\" \/>\n<meta property=\"og:locale\" content=\"pt_BR\" \/>\n<meta property=\"og:type\" content=\"article\" \/>\n<meta property=\"og:title\" content=\"Bolha Universal Sport Defletor Regul\u00e1vel Policarbonato 4 mm Fum\u00ea -\" \/>\n<meta property=\"og:description\" content=\"Somos os maiores fabricantes de bolhas e para-brisas para motos do Brasil! Venha conhecer nossa loja e encontre o modelo ideal para sua moto.\" \/>\n<meta property=\"og:url\" content=\"https:\/\/shortmotorsport.com\/loja\/produto\/bolha-universal-sport-defletor-regulavel-policarbonato-4-mm-fume\/\" \/>\n<meta property=\"article:publisher\" content=\"https:\/\/www.facebook.com\/shortmotorsport\/\" \/>\n<meta property=\"article:modified_time\" content=\"2025-12-06T15:35:56+00:00\" \/>\n<meta property=\"og:image\" content=\"https:\/\/shortmotorsport.com\/loja\/wp-content\/uploads\/2020\/07\/sport-fume-1-3.jpg\" \/>\n\t<meta property=\"og:image:width\" content=\"1243\" \/>\n\t<meta property=\"og:image:height\" content=\"1576\" \/>\n\t<meta property=\"og:image:type\" content=\"image\/jpeg\" \/>\n<meta name=\"twitter:card\" content=\"summary_large_image\" \/>\n<meta name=\"twitter:label1\" content=\"Est. tempo de leitura\" \/>\n\t<meta name=\"twitter:data1\" content=\"2 minutos\" \/>\n<script type=\"application\/ld+json\" class=\"yoast-schema-graph\">{\"@context\":\"https:\/\/schema.org\",\"@graph\":[{\"@type\":\"WebPage\",\"@id\":\"https:\/\/shortmotorsport.com\/loja\/produto\/bolha-universal-sport-defletor-regulavel-policarbonato-4-mm-fume\/\",\"url\":\"https:\/\/shortmotorsport.com\/loja\/produto\/bolha-universal-sport-defletor-regulavel-policarbonato-4-mm-fume\/\",\"name\":\"Bolha Universal Sport Defletor Regul\u00e1vel Policarbonato 4 mm Fum\u00ea -\",\"isPartOf\":{\"@id\":\"https:\/\/shortmotorsport.com\/loja\/#website\"},\"primaryImageOfPage\":{\"@id\":\"https:\/\/shortmotorsport.com\/loja\/produto\/bolha-universal-sport-defletor-regulavel-policarbonato-4-mm-fume\/#primaryimage\"},\"image\":{\"@id\":\"https:\/\/shortmotorsport.com\/loja\/produto\/bolha-universal-sport-defletor-regulavel-policarbonato-4-mm-fume\/#primaryimage\"},\"thumbnailUrl\":\"https:\/\/shortmotorsport.com\/loja\/wp-content\/uploads\/2020\/07\/sport-fume-1-3.jpg\",\"datePublished\":\"2020-07-03T14:17:47+00:00\",\"dateModified\":\"2025-12-06T15:35:56+00:00\",\"description\":\"Somos os maiores fabricantes de bolhas e para-brisas para motos do Brasil! Venha conhecer nossa loja e encontre o modelo ideal para sua moto.\",\"breadcrumb\":{\"@id\":\"https:\/\/shortmotorsport.com\/loja\/produto\/bolha-universal-sport-defletor-regulavel-policarbonato-4-mm-fume\/#breadcrumb\"},\"inLanguage\":\"pt-BR\",\"potentialAction\":[{\"@type\":\"ReadAction\",\"target\":[\"https:\/\/shortmotorsport.com\/loja\/produto\/bolha-universal-sport-defletor-regulavel-policarbonato-4-mm-fume\/\"]}]},{\"@type\":\"ImageObject\",\"inLanguage\":\"pt-BR\",\"@id\":\"https:\/\/shortmotorsport.com\/loja\/produto\/bolha-universal-sport-defletor-regulavel-policarbonato-4-mm-fume\/#primaryimage\",\"url\":\"https:\/\/shortmotorsport.com\/loja\/wp-content\/uploads\/2020\/07\/sport-fume-1-3.jpg\",\"contentUrl\":\"https:\/\/shortmotorsport.com\/loja\/wp-content\/uploads\/2020\/07\/sport-fume-1-3.jpg\",\"width\":1243,\"height\":1576},{\"@type\":\"BreadcrumbList\",\"@id\":\"https:\/\/shortmotorsport.com\/loja\/produto\/bolha-universal-sport-defletor-regulavel-policarbonato-4-mm-fume\/#breadcrumb\",\"itemListElement\":[{\"@type\":\"ListItem\",\"position\":1,\"name\":\"In\u00edcio\",\"item\":\"https:\/\/shortmotorsport.com\/loja\/\"},{\"@type\":\"ListItem\",\"position\":2,\"name\":\"Produtos\",\"item\":\"https:\/\/shortmotorsport.com\/loja\/loja\/\"},{\"@type\":\"ListItem\",\"position\":3,\"name\":\"Bolha Universal Sport Defletor Regul\u00e1vel Policarbonato 4 mm Fum\u00ea\"}]},{\"@type\":\"WebSite\",\"@id\":\"https:\/\/shortmotorsport.com\/loja\/#website\",\"url\":\"https:\/\/shortmotorsport.com\/loja\/\",\"name\":\"\",\"description\":\"\",\"publisher\":{\"@id\":\"https:\/\/shortmotorsport.com\/loja\/#organization\"},\"potentialAction\":[{\"@type\":\"SearchAction\",\"target\":{\"@type\":\"EntryPoint\",\"urlTemplate\":\"https:\/\/shortmotorsport.com\/loja\/?s={search_term_string}\"},\"query-input\":\"required name=search_term_string\"}],\"inLanguage\":\"pt-BR\"},{\"@type\":\"Organization\",\"@id\":\"https:\/\/shortmotorsport.com\/loja\/#organization\",\"name\":\"Short Motorsport\",\"url\":\"https:\/\/shortmotorsport.com\/loja\/\",\"logo\":{\"@type\":\"ImageObject\",\"inLanguage\":\"pt-BR\",\"@id\":\"https:\/\/shortmotorsport.com\/loja\/#\/schema\/logo\/image\/\",\"url\":\"https:\/\/shortmotorsport.com\/loja\/wp-content\/uploads\/2017\/11\/logo.png\",\"contentUrl\":\"https:\/\/shortmotorsport.com\/loja\/wp-content\/uploads\/2017\/11\/logo.png\",\"width\":500,\"height\":96,\"caption\":\"Short Motorsport\"},\"image\":{\"@id\":\"https:\/\/shortmotorsport.com\/loja\/#\/schema\/logo\/image\/\"},\"sameAs\":[\"https:\/\/www.facebook.com\/shortmotorsport\/\"]}]}<\/script>\n<!-- \/ Yoast SEO plugin. -->","yoast_head_json":{"title":"Bolha Universal Sport Defletor Regul\u00e1vel Policarbonato 4 mm Fum\u00ea -","description":"Somos os maiores fabricantes de bolhas e para-brisas para motos do Brasil! Venha conhecer nossa loja e encontre o modelo ideal para sua moto.","robots":{"index":"index","follow":"follow","max-snippet":"max-snippet:-1","max-image-preview":"max-image-preview:large","max-video-preview":"max-video-preview:-1"},"canonical":"https:\/\/shortmotorsport.com\/loja\/produto\/bolha-universal-sport-defletor-regulavel-policarbonato-4-mm-fume\/","og_locale":"pt_BR","og_type":"article","og_title":"Bolha Universal Sport Defletor Regul\u00e1vel Policarbonato 4 mm Fum\u00ea -","og_description":"Somos os maiores fabricantes de bolhas e para-brisas para motos do Brasil! Venha conhecer nossa loja e encontre o modelo ideal para sua moto.","og_url":"https:\/\/shortmotorsport.com\/loja\/produto\/bolha-universal-sport-defletor-regulavel-policarbonato-4-mm-fume\/","article_publisher":"https:\/\/www.facebook.com\/shortmotorsport\/","article_modified_time":"2025-12-06T15:35:56+00:00","og_image":[{"width":1243,"height":1576,"url":"https:\/\/shortmotorsport.com\/loja\/wp-content\/uploads\/2020\/07\/sport-fume-1-3.jpg","type":"image\/jpeg"}],"twitter_card":"summary_large_image","twitter_misc":{"Est. tempo de leitura":"2 minutos"},"schema":{"@context":"https:\/\/schema.org","@graph":[{"@type":"WebPage","@id":"https:\/\/shortmotorsport.com\/loja\/produto\/bolha-universal-sport-defletor-regulavel-policarbonato-4-mm-fume\/","url":"https:\/\/shortmotorsport.com\/loja\/produto\/bolha-universal-sport-defletor-regulavel-policarbonato-4-mm-fume\/","name":"Bolha Universal Sport Defletor Regul\u00e1vel Policarbonato 4 mm Fum\u00ea -","isPartOf":{"@id":"https:\/\/shortmotorsport.com\/loja\/#website"},"primaryImageOfPage":{"@id":"https:\/\/shortmotorsport.com\/loja\/produto\/bolha-universal-sport-defletor-regulavel-policarbonato-4-mm-fume\/#primaryimage"},"image":{"@id":"https:\/\/shortmotorsport.com\/loja\/produto\/bolha-universal-sport-defletor-regulavel-policarbonato-4-mm-fume\/#primaryimage"},"thumbnailUrl":"https:\/\/shortmotorsport.com\/loja\/wp-content\/uploads\/2020\/07\/sport-fume-1-3.jpg","datePublished":"2020-07-03T14:17:47+00:00","dateModified":"2025-12-06T15:35:56+00:00","description":"Somos os maiores fabricantes de bolhas e para-brisas para motos do Brasil! Venha conhecer nossa loja e encontre o modelo ideal para sua moto.","breadcrumb":{"@id":"https:\/\/shortmotorsport.com\/loja\/produto\/bolha-universal-sport-defletor-regulavel-policarbonato-4-mm-fume\/#breadcrumb"},"inLanguage":"pt-BR","potentialAction":[{"@type":"ReadAction","target":["https:\/\/shortmotorsport.com\/loja\/produto\/bolha-universal-sport-defletor-regulavel-policarbonato-4-mm-fume\/"]}]},{"@type":"ImageObject","inLanguage":"pt-BR","@id":"https:\/\/shortmotorsport.com\/loja\/produto\/bolha-universal-sport-defletor-regulavel-policarbonato-4-mm-fume\/#primaryimage","url":"https:\/\/shortmotorsport.com\/loja\/wp-content\/uploads\/2020\/07\/sport-fume-1-3.jpg","contentUrl":"https:\/\/shortmotorsport.com\/loja\/wp-content\/uploads\/2020\/07\/sport-fume-1-3.jpg","width":1243,"height":1576},{"@type":"BreadcrumbList","@id":"https:\/\/shortmotorsport.com\/loja\/produto\/bolha-universal-sport-defletor-regulavel-policarbonato-4-mm-fume\/#breadcrumb","itemListElement":[{"@type":"ListItem","position":1,"name":"In\u00edcio","item":"https:\/\/shortmotorsport.com\/loja\/"},{"@type":"ListItem","position":2,"name":"Produtos","item":"https:\/\/shortmotorsport.com\/loja\/loja\/"},{"@type":"ListItem","position":3,"name":"Bolha Universal Sport Defletor Regul\u00e1vel Policarbonato 4 mm Fum\u00ea"}]},{"@type":"WebSite","@id":"https:\/\/shortmotorsport.com\/loja\/#website","url":"https:\/\/shortmotorsport.com\/loja\/","name":"","description":"","publisher":{"@id":"https:\/\/shortmotorsport.com\/loja\/#organization"},"potentialAction":[{"@type":"SearchAction","target":{"@type":"EntryPoint","urlTemplate":"https:\/\/shortmotorsport.com\/loja\/?s={search_term_string}"},"query-input":"required name=search_term_string"}],"inLanguage":"pt-BR"},{"@type":"Organization","@id":"https:\/\/shortmotorsport.com\/loja\/#organization","name":"Short Motorsport","url":"https:\/\/shortmotorsport.com\/loja\/","logo":{"@type":"ImageObject","inLanguage":"pt-BR","@id":"https:\/\/shortmotorsport.com\/loja\/#\/schema\/logo\/image\/","url":"https:\/\/shortmotorsport.com\/loja\/wp-content\/uploads\/2017\/11\/logo.png","contentUrl":"https:\/\/shortmotorsport.com\/loja\/wp-content\/uploads\/2017\/11\/logo.png","width":500,"height":96,"caption":"Short Motorsport"},"image":{"@id":"https:\/\/shortmotorsport.com\/loja\/#\/schema\/logo\/image\/"},"sameAs":["https:\/\/www.facebook.com\/shortmotorsport\/"]}]}},"_links":{"self":[{"href":"https:\/\/shortmotorsport.com\/loja\/wp-json\/wp\/v2\/product\/2393"}],"collection":[{"href":"https:\/\/shortmotorsport.com\/loja\/wp-json\/wp\/v2\/product"}],"about":[{"href":"https:\/\/shortmotorsport.com\/loja\/wp-json\/wp\/v2\/types\/product"}],"replies":[{"embeddable":true,"href":"https:\/\/shortmotorsport.com\/loja\/wp-json\/wp\/v2\/comments?post=2393"}],"wp:featuredmedia":[{"embeddable":true,"href":"https:\/\/shortmotorsport.com\/loja\/wp-json\/wp\/v2\/media\/2397"}],"wp:attachment":[{"href":"https:\/\/shortmotorsport.com\/loja\/wp-json\/wp\/v2\/media?parent=2393"}],"wp:term":[{"taxonomy":"product_cat","embeddable":true,"href":"https:\/\/shortmotorsport.com\/loja\/wp-json\/wp\/v2\/product_cat?post=2393"},{"taxonomy":"product_tag","embeddable":true,"href":"https:\/\/shortmotorsport.com\/loja\/wp-json\/wp\/v2\/product_tag?post=2393"}],"curies":[{"name":"wp","href":"https:\/\/api.w.org\/{rel}","templated":true}]}}