

{"id":29,"date":"2017-11-07T00:53:23","date_gmt":"2017-11-07T02:53:23","guid":{"rendered":"https:\/\/shortmotorsport.com\/loja\/wordpress\/?post_type=product&#038;p=29"},"modified":"2025-12-11T13:26:32","modified_gmt":"2025-12-11T16:26:32","slug":"bolha-para-motos-custom-em-policarbonato","status":"publish","type":"product","link":"https:\/\/shortmotorsport.com\/loja\/produto\/bolha-para-motos-custom-em-policarbonato\/","title":{"rendered":"Bolha Para Motos Custom Em Policarbonato"},"content":{"rendered":"<ul>\n<li>\u00a0ATEN\u00c7\u00c3O ,BOLHA FEITA SOB ENCOMENDA PRAZO DE PRODU\u00c7\u00c3O 10 DIAS.<\/li>\n<li><\/li>\n<li>Decora\u00e7\u00e3o em pol\u00edmero cromado de alto acabamento. Parafusos inox. 100% de transpar\u00eancia \u00f3tica.<\/li>\n<li>N\u00e3o trabalhamos com acr\u00edlico ou plexiglas, nomes diferentes para o mesmo material, porque ao quebrar forma perigosas ponta cortantes. Policarbonato \u00e9 material usado em escudos, camada interna nos vidros blindados, canopla de ca\u00e7as supers\u00f4nicos.<\/li>\n<li>Lindo Design moderno e eficiente. Suporte refor\u00e7ado.<\/li>\n<li>F\u00e1cil aperto e regulagem da bolha, por meio dos man\u00edpulos. Na montagem escolha a posi\u00e7\u00e3o alta ou baixa da bolha virando o suporte. Acompanha instru\u00e7\u00e3o de montagem chave allen, e chave para aperto dos man\u00edpulos.<\/li>\n<li>Pe\u00e7as usinadas em CNC computadorizada.<\/li>\n<li>Pode ser instalado em motos com guid\u00e3o de 20 a 25 mm de di\u00e2metro. Para di\u00e2metros maiores solicite parafuso mais compridos. Universal, adapt\u00e1vel na grande maioria de motos Custom, pequenas, m\u00e9dias e grandes.<\/li>\n<li>Nosso Frete \u00e9 Gr\u00e1tis, via PAC dos Correios (ou Sedex para as localidades onde n\u00e3o h\u00e1 PAC), para entrega em todo o Brasil.<\/li>\n<li>Pol\u00edtica de entrega: O produto comprado, ser\u00e1 entregue pelos Correios , conforme preenchimento dos dados ao efetuar a compra do seu pedido.<\/li>\n<\/ul>\n<p class=\"product woocommerce add_to_cart_inline \" style=\"border:4px solid #ccc; padding: 12px;\"><span class=\"woocommerce-Price-amount amount\"><bdi><span class=\"woocommerce-Price-currencySymbol\">&#82;&#36;<\/span>850,00<\/bdi><\/span><a href=\"?add-to-cart=29\" data-quantity=\"1\" class=\"button product_type_simple add_to_cart_button ajax_add_to_cart\" data-product_id=\"29\" data-product_sku=\"custom-policarbonato\" aria-label=\"Add to cart: &ldquo;Bolha Para Motos Custom Em Policarbonato&rdquo;\" aria-describedby=\"\" rel=\"nofollow\">Comprar<\/a><\/p>\n","protected":false},"excerpt":{"rendered":"<p><img loading=\"lazy\" decoding=\"async\" class=\"aligncenter size-medium\" src=\"https:\/\/shortmotorsport.com\/loja\/wp-content\/uploads\/2018\/03\/banner4.png\" width=\"648\" height=\"95\" \/><\/p>\n<p>MODELO UNIVERSAL Fabricado em POLICARBONATO FUM\u00ca de 4 mm inquebr\u00e1vel, para maior seguran\u00e7a. Para op\u00e7\u00e3o em POLICARBONATO CRISTAL, verifique nosso outro produto abaixo.<\/p>\n<p><strong>Somos os fabricantes<\/strong>. Garantimos a <strong>qualidade<\/strong> de nossos produtos.<br \/>\nTemos estoque para <strong>atendimento imediato<\/strong>.\u00a0Para-brisa qualidade <strong>premium<\/strong>!<br \/>\nEmitimos nota fiscal.<\/p>\n","protected":false},"featured_media":265,"comment_status":"open","ping_status":"closed","template":"","meta":[],"product_cat":[21],"product_tag":[],"yoast_head":"<!-- This site is optimized with the Yoast SEO plugin v22.2 - https:\/\/yoast.com\/wordpress\/plugins\/seo\/ -->\n<title>Bolha Para Motos Custom Em Policarbonato -<\/title>\n<meta name=\"description\" content=\"Somos os maiores fabricantes de bolhas e para-brisas para motos do Brasil! Venha conhecer nossa loja e encontre o modelo ideal para sua moto.\" \/>\n<meta name=\"robots\" content=\"index, follow, max-snippet:-1, max-image-preview:large, max-video-preview:-1\" \/>\n<link rel=\"canonical\" href=\"https:\/\/shortmotorsport.com\/loja\/produto\/bolha-para-motos-custom-em-policarbonato\/\" \/>\n<meta property=\"og:locale\" content=\"pt_BR\" \/>\n<meta property=\"og:type\" content=\"article\" \/>\n<meta property=\"og:title\" content=\"Bolha Para Motos Custom Em Policarbonato -\" \/>\n<meta property=\"og:description\" content=\"Somos os maiores fabricantes de bolhas e para-brisas para motos do Brasil! Venha conhecer nossa loja e encontre o modelo ideal para sua moto.\" \/>\n<meta property=\"og:url\" content=\"https:\/\/shortmotorsport.com\/loja\/produto\/bolha-para-motos-custom-em-policarbonato\/\" \/>\n<meta property=\"article:publisher\" content=\"https:\/\/www.facebook.com\/shortmotorsport\/\" \/>\n<meta property=\"article:modified_time\" content=\"2025-12-11T16:26:32+00:00\" \/>\n<meta property=\"og:image\" content=\"https:\/\/shortmotorsport.com\/loja\/wp-content\/uploads\/2017\/11\/icone-9.jpg\" \/>\n\t<meta property=\"og:image:width\" content=\"300\" \/>\n\t<meta property=\"og:image:height\" content=\"400\" \/>\n\t<meta property=\"og:image:type\" content=\"image\/jpeg\" \/>\n<meta name=\"twitter:card\" content=\"summary_large_image\" \/>\n<meta name=\"twitter:label1\" content=\"Est. tempo de leitura\" \/>\n\t<meta name=\"twitter:data1\" content=\"2 minutos\" \/>\n<script type=\"application\/ld+json\" class=\"yoast-schema-graph\">{\"@context\":\"https:\/\/schema.org\",\"@graph\":[{\"@type\":\"WebPage\",\"@id\":\"https:\/\/shortmotorsport.com\/loja\/produto\/bolha-para-motos-custom-em-policarbonato\/\",\"url\":\"https:\/\/shortmotorsport.com\/loja\/produto\/bolha-para-motos-custom-em-policarbonato\/\",\"name\":\"Bolha Para Motos Custom Em Policarbonato -\",\"isPartOf\":{\"@id\":\"https:\/\/shortmotorsport.com\/loja\/#website\"},\"primaryImageOfPage\":{\"@id\":\"https:\/\/shortmotorsport.com\/loja\/produto\/bolha-para-motos-custom-em-policarbonato\/#primaryimage\"},\"image\":{\"@id\":\"https:\/\/shortmotorsport.com\/loja\/produto\/bolha-para-motos-custom-em-policarbonato\/#primaryimage\"},\"thumbnailUrl\":\"https:\/\/shortmotorsport.com\/loja\/wp-content\/uploads\/2017\/11\/icone-9.jpg\",\"datePublished\":\"2017-11-07T02:53:23+00:00\",\"dateModified\":\"2025-12-11T16:26:32+00:00\",\"description\":\"Somos os maiores fabricantes de bolhas e para-brisas para motos do Brasil! Venha conhecer nossa loja e encontre o modelo ideal para sua moto.\",\"breadcrumb\":{\"@id\":\"https:\/\/shortmotorsport.com\/loja\/produto\/bolha-para-motos-custom-em-policarbonato\/#breadcrumb\"},\"inLanguage\":\"pt-BR\",\"potentialAction\":[{\"@type\":\"ReadAction\",\"target\":[\"https:\/\/shortmotorsport.com\/loja\/produto\/bolha-para-motos-custom-em-policarbonato\/\"]}]},{\"@type\":\"ImageObject\",\"inLanguage\":\"pt-BR\",\"@id\":\"https:\/\/shortmotorsport.com\/loja\/produto\/bolha-para-motos-custom-em-policarbonato\/#primaryimage\",\"url\":\"https:\/\/shortmotorsport.com\/loja\/wp-content\/uploads\/2017\/11\/icone-9.jpg\",\"contentUrl\":\"https:\/\/shortmotorsport.com\/loja\/wp-content\/uploads\/2017\/11\/icone-9.jpg\",\"width\":300,\"height\":400},{\"@type\":\"BreadcrumbList\",\"@id\":\"https:\/\/shortmotorsport.com\/loja\/produto\/bolha-para-motos-custom-em-policarbonato\/#breadcrumb\",\"itemListElement\":[{\"@type\":\"ListItem\",\"position\":1,\"name\":\"In\u00edcio\",\"item\":\"https:\/\/shortmotorsport.com\/loja\/\"},{\"@type\":\"ListItem\",\"position\":2,\"name\":\"Produtos\",\"item\":\"https:\/\/shortmotorsport.com\/loja\/loja\/\"},{\"@type\":\"ListItem\",\"position\":3,\"name\":\"Bolha Para Motos Custom Em Policarbonato\"}]},{\"@type\":\"WebSite\",\"@id\":\"https:\/\/shortmotorsport.com\/loja\/#website\",\"url\":\"https:\/\/shortmotorsport.com\/loja\/\",\"name\":\"\",\"description\":\"\",\"publisher\":{\"@id\":\"https:\/\/shortmotorsport.com\/loja\/#organization\"},\"potentialAction\":[{\"@type\":\"SearchAction\",\"target\":{\"@type\":\"EntryPoint\",\"urlTemplate\":\"https:\/\/shortmotorsport.com\/loja\/?s={search_term_string}\"},\"query-input\":\"required name=search_term_string\"}],\"inLanguage\":\"pt-BR\"},{\"@type\":\"Organization\",\"@id\":\"https:\/\/shortmotorsport.com\/loja\/#organization\",\"name\":\"Short Motorsport\",\"url\":\"https:\/\/shortmotorsport.com\/loja\/\",\"logo\":{\"@type\":\"ImageObject\",\"inLanguage\":\"pt-BR\",\"@id\":\"https:\/\/shortmotorsport.com\/loja\/#\/schema\/logo\/image\/\",\"url\":\"https:\/\/shortmotorsport.com\/loja\/wp-content\/uploads\/2017\/11\/logo.png\",\"contentUrl\":\"https:\/\/shortmotorsport.com\/loja\/wp-content\/uploads\/2017\/11\/logo.png\",\"width\":500,\"height\":96,\"caption\":\"Short Motorsport\"},\"image\":{\"@id\":\"https:\/\/shortmotorsport.com\/loja\/#\/schema\/logo\/image\/\"},\"sameAs\":[\"https:\/\/www.facebook.com\/shortmotorsport\/\"]}]}<\/script>\n<!-- \/ Yoast SEO plugin. -->","yoast_head_json":{"title":"Bolha Para Motos Custom Em Policarbonato -","description":"Somos os maiores fabricantes de bolhas e para-brisas para motos do Brasil! Venha conhecer nossa loja e encontre o modelo ideal para sua moto.","robots":{"index":"index","follow":"follow","max-snippet":"max-snippet:-1","max-image-preview":"max-image-preview:large","max-video-preview":"max-video-preview:-1"},"canonical":"https:\/\/shortmotorsport.com\/loja\/produto\/bolha-para-motos-custom-em-policarbonato\/","og_locale":"pt_BR","og_type":"article","og_title":"Bolha Para Motos Custom Em Policarbonato -","og_description":"Somos os maiores fabricantes de bolhas e para-brisas para motos do Brasil! Venha conhecer nossa loja e encontre o modelo ideal para sua moto.","og_url":"https:\/\/shortmotorsport.com\/loja\/produto\/bolha-para-motos-custom-em-policarbonato\/","article_publisher":"https:\/\/www.facebook.com\/shortmotorsport\/","article_modified_time":"2025-12-11T16:26:32+00:00","og_image":[{"width":300,"height":400,"url":"https:\/\/shortmotorsport.com\/loja\/wp-content\/uploads\/2017\/11\/icone-9.jpg","type":"image\/jpeg"}],"twitter_card":"summary_large_image","twitter_misc":{"Est. tempo de leitura":"2 minutos"},"schema":{"@context":"https:\/\/schema.org","@graph":[{"@type":"WebPage","@id":"https:\/\/shortmotorsport.com\/loja\/produto\/bolha-para-motos-custom-em-policarbonato\/","url":"https:\/\/shortmotorsport.com\/loja\/produto\/bolha-para-motos-custom-em-policarbonato\/","name":"Bolha Para Motos Custom Em Policarbonato -","isPartOf":{"@id":"https:\/\/shortmotorsport.com\/loja\/#website"},"primaryImageOfPage":{"@id":"https:\/\/shortmotorsport.com\/loja\/produto\/bolha-para-motos-custom-em-policarbonato\/#primaryimage"},"image":{"@id":"https:\/\/shortmotorsport.com\/loja\/produto\/bolha-para-motos-custom-em-policarbonato\/#primaryimage"},"thumbnailUrl":"https:\/\/shortmotorsport.com\/loja\/wp-content\/uploads\/2017\/11\/icone-9.jpg","datePublished":"2017-11-07T02:53:23+00:00","dateModified":"2025-12-11T16:26:32+00:00","description":"Somos os maiores fabricantes de bolhas e para-brisas para motos do Brasil! Venha conhecer nossa loja e encontre o modelo ideal para sua moto.","breadcrumb":{"@id":"https:\/\/shortmotorsport.com\/loja\/produto\/bolha-para-motos-custom-em-policarbonato\/#breadcrumb"},"inLanguage":"pt-BR","potentialAction":[{"@type":"ReadAction","target":["https:\/\/shortmotorsport.com\/loja\/produto\/bolha-para-motos-custom-em-policarbonato\/"]}]},{"@type":"ImageObject","inLanguage":"pt-BR","@id":"https:\/\/shortmotorsport.com\/loja\/produto\/bolha-para-motos-custom-em-policarbonato\/#primaryimage","url":"https:\/\/shortmotorsport.com\/loja\/wp-content\/uploads\/2017\/11\/icone-9.jpg","contentUrl":"https:\/\/shortmotorsport.com\/loja\/wp-content\/uploads\/2017\/11\/icone-9.jpg","width":300,"height":400},{"@type":"BreadcrumbList","@id":"https:\/\/shortmotorsport.com\/loja\/produto\/bolha-para-motos-custom-em-policarbonato\/#breadcrumb","itemListElement":[{"@type":"ListItem","position":1,"name":"In\u00edcio","item":"https:\/\/shortmotorsport.com\/loja\/"},{"@type":"ListItem","position":2,"name":"Produtos","item":"https:\/\/shortmotorsport.com\/loja\/loja\/"},{"@type":"ListItem","position":3,"name":"Bolha Para Motos Custom Em Policarbonato"}]},{"@type":"WebSite","@id":"https:\/\/shortmotorsport.com\/loja\/#website","url":"https:\/\/shortmotorsport.com\/loja\/","name":"","description":"","publisher":{"@id":"https:\/\/shortmotorsport.com\/loja\/#organization"},"potentialAction":[{"@type":"SearchAction","target":{"@type":"EntryPoint","urlTemplate":"https:\/\/shortmotorsport.com\/loja\/?s={search_term_string}"},"query-input":"required name=search_term_string"}],"inLanguage":"pt-BR"},{"@type":"Organization","@id":"https:\/\/shortmotorsport.com\/loja\/#organization","name":"Short Motorsport","url":"https:\/\/shortmotorsport.com\/loja\/","logo":{"@type":"ImageObject","inLanguage":"pt-BR","@id":"https:\/\/shortmotorsport.com\/loja\/#\/schema\/logo\/image\/","url":"https:\/\/shortmotorsport.com\/loja\/wp-content\/uploads\/2017\/11\/logo.png","contentUrl":"https:\/\/shortmotorsport.com\/loja\/wp-content\/uploads\/2017\/11\/logo.png","width":500,"height":96,"caption":"Short Motorsport"},"image":{"@id":"https:\/\/shortmotorsport.com\/loja\/#\/schema\/logo\/image\/"},"sameAs":["https:\/\/www.facebook.com\/shortmotorsport\/"]}]}},"_links":{"self":[{"href":"https:\/\/shortmotorsport.com\/loja\/wp-json\/wp\/v2\/product\/29"}],"collection":[{"href":"https:\/\/shortmotorsport.com\/loja\/wp-json\/wp\/v2\/product"}],"about":[{"href":"https:\/\/shortmotorsport.com\/loja\/wp-json\/wp\/v2\/types\/product"}],"replies":[{"embeddable":true,"href":"https:\/\/shortmotorsport.com\/loja\/wp-json\/wp\/v2\/comments?post=29"}],"wp:featuredmedia":[{"embeddable":true,"href":"https:\/\/shortmotorsport.com\/loja\/wp-json\/wp\/v2\/media\/265"}],"wp:attachment":[{"href":"https:\/\/shortmotorsport.com\/loja\/wp-json\/wp\/v2\/media?parent=29"}],"wp:term":[{"taxonomy":"product_cat","embeddable":true,"href":"https:\/\/shortmotorsport.com\/loja\/wp-json\/wp\/v2\/product_cat?post=29"},{"taxonomy":"product_tag","embeddable":true,"href":"https:\/\/shortmotorsport.com\/loja\/wp-json\/wp\/v2\/product_tag?post=29"}],"curies":[{"name":"wp","href":"https:\/\/api.w.org\/{rel}","templated":true}]}}