

{"id":3379,"date":"2022-02-13T22:20:27","date_gmt":"2022-02-14T01:20:27","guid":{"rendered":"https:\/\/shortmotorsport.com\/loja\/?post_type=product&#038;p=3379"},"modified":"2025-10-25T13:12:26","modified_gmt":"2025-10-25T16:12:26","slug":"nmax-ate-2024-policarbonato-fume","status":"publish","type":"product","link":"https:\/\/shortmotorsport.com\/loja\/produto\/nmax-ate-2024-policarbonato-fume\/","title":{"rendered":"Nmax  at\u00e9 2024 Policarbonato Fum\u00ea"},"content":{"rendered":"<p>Promo\u00e7\u00e3o de saldo de lote de bolhas para a Nmax modelo ate 2024.Nova bolha\u00a0 \u00e9 a original que desenvolvemos e fornecemos para o fabricante Yamaha para a NMax .<br \/>\nFabricada em policarbonato fum\u00ea 4 mm, material de alt\u00edssima resist\u00eancia a impactos.<br \/>\nO Policarbonato \u00e9 40 vezes mais resistente a impactos do que uma bolha de acr\u00edlico.<\/p>\n","protected":false},"excerpt":{"rendered":"<p>Promo\u00e7\u00e3o de saldo de lote de bolhas para a Nmax modelo ate 2024.Nova bolha\u00a0 \u00e9 a original que desenvolvemos e fornecemos para o fabricante Yamaha para a NMax .<br \/>\nFabricada em policarbonato fum\u00ea 4 mm, material de alt\u00edssima resist\u00eancia a impactos.<br \/>\nO Policarbonato \u00e9 40 vezes mais resistente a impactos do que uma bolha de acr\u00edlico.<\/p>\n","protected":false},"featured_media":4871,"comment_status":"open","ping_status":"closed","template":"","meta":[],"product_cat":[40],"product_tag":[],"yoast_head":"<!-- This site is optimized with the Yoast SEO plugin v22.2 - https:\/\/yoast.com\/wordpress\/plugins\/seo\/ -->\n<title>Nmax at\u00e9 2024 Policarbonato Fum\u00ea -<\/title>\n<meta name=\"description\" content=\"Somos os maiores fabricantes de bolhas e para-brisas em policarbonato para motos do Brasil! Venha conhecer nossa loja e encontre o modelo ideal para sua moto.\" \/>\n<meta name=\"robots\" content=\"index, follow, max-snippet:-1, max-image-preview:large, max-video-preview:-1\" \/>\n<link rel=\"canonical\" href=\"https:\/\/shortmotorsport.com\/loja\/produto\/nmax-ate-2024-policarbonato-fume\/\" \/>\n<meta property=\"og:locale\" content=\"pt_BR\" \/>\n<meta property=\"og:type\" content=\"article\" \/>\n<meta property=\"og:title\" content=\"Nmax at\u00e9 2024 Policarbonato Fum\u00ea -\" \/>\n<meta property=\"og:description\" content=\"Somos os maiores fabricantes de bolhas e para-brisas em policarbonato para motos do Brasil! Venha conhecer nossa loja e encontre o modelo ideal para sua moto.\" \/>\n<meta property=\"og:url\" content=\"https:\/\/shortmotorsport.com\/loja\/produto\/nmax-ate-2024-policarbonato-fume\/\" \/>\n<meta property=\"article:publisher\" content=\"https:\/\/www.facebook.com\/shortmotorsport\/\" \/>\n<meta property=\"article:modified_time\" content=\"2025-10-25T16:12:26+00:00\" \/>\n<meta property=\"og:image\" content=\"https:\/\/shortmotorsport.com\/loja\/wp-content\/uploads\/2022\/02\/sem-def-sem-star.jpg\" \/>\n\t<meta property=\"og:image:width\" content=\"1027\" \/>\n\t<meta property=\"og:image:height\" content=\"1594\" \/>\n\t<meta property=\"og:image:type\" content=\"image\/jpeg\" \/>\n<meta name=\"twitter:card\" content=\"summary_large_image\" \/>\n<meta name=\"twitter:label1\" content=\"Est. tempo de leitura\" \/>\n\t<meta name=\"twitter:data1\" content=\"1 minuto\" \/>\n<script type=\"application\/ld+json\" class=\"yoast-schema-graph\">{\"@context\":\"https:\/\/schema.org\",\"@graph\":[{\"@type\":\"WebPage\",\"@id\":\"https:\/\/shortmotorsport.com\/loja\/produto\/nmax-ate-2024-policarbonato-fume\/\",\"url\":\"https:\/\/shortmotorsport.com\/loja\/produto\/nmax-ate-2024-policarbonato-fume\/\",\"name\":\"Nmax at\u00e9 2024 Policarbonato Fum\u00ea -\",\"isPartOf\":{\"@id\":\"https:\/\/shortmotorsport.com\/loja\/#website\"},\"primaryImageOfPage\":{\"@id\":\"https:\/\/shortmotorsport.com\/loja\/produto\/nmax-ate-2024-policarbonato-fume\/#primaryimage\"},\"image\":{\"@id\":\"https:\/\/shortmotorsport.com\/loja\/produto\/nmax-ate-2024-policarbonato-fume\/#primaryimage\"},\"thumbnailUrl\":\"https:\/\/shortmotorsport.com\/loja\/wp-content\/uploads\/2022\/02\/sem-def-sem-star.jpg\",\"datePublished\":\"2022-02-14T01:20:27+00:00\",\"dateModified\":\"2025-10-25T16:12:26+00:00\",\"description\":\"Somos os maiores fabricantes de bolhas e para-brisas em policarbonato para motos do Brasil! Venha conhecer nossa loja e encontre o modelo ideal para sua moto.\",\"breadcrumb\":{\"@id\":\"https:\/\/shortmotorsport.com\/loja\/produto\/nmax-ate-2024-policarbonato-fume\/#breadcrumb\"},\"inLanguage\":\"pt-BR\",\"potentialAction\":[{\"@type\":\"ReadAction\",\"target\":[\"https:\/\/shortmotorsport.com\/loja\/produto\/nmax-ate-2024-policarbonato-fume\/\"]}]},{\"@type\":\"ImageObject\",\"inLanguage\":\"pt-BR\",\"@id\":\"https:\/\/shortmotorsport.com\/loja\/produto\/nmax-ate-2024-policarbonato-fume\/#primaryimage\",\"url\":\"https:\/\/shortmotorsport.com\/loja\/wp-content\/uploads\/2022\/02\/sem-def-sem-star.jpg\",\"contentUrl\":\"https:\/\/shortmotorsport.com\/loja\/wp-content\/uploads\/2022\/02\/sem-def-sem-star.jpg\",\"width\":1027,\"height\":1594},{\"@type\":\"BreadcrumbList\",\"@id\":\"https:\/\/shortmotorsport.com\/loja\/produto\/nmax-ate-2024-policarbonato-fume\/#breadcrumb\",\"itemListElement\":[{\"@type\":\"ListItem\",\"position\":1,\"name\":\"In\u00edcio\",\"item\":\"https:\/\/shortmotorsport.com\/loja\/\"},{\"@type\":\"ListItem\",\"position\":2,\"name\":\"Produtos\",\"item\":\"https:\/\/shortmotorsport.com\/loja\/loja\/\"},{\"@type\":\"ListItem\",\"position\":3,\"name\":\"Nmax at\u00e9 2024 Policarbonato Fum\u00ea\"}]},{\"@type\":\"WebSite\",\"@id\":\"https:\/\/shortmotorsport.com\/loja\/#website\",\"url\":\"https:\/\/shortmotorsport.com\/loja\/\",\"name\":\"\",\"description\":\"\",\"publisher\":{\"@id\":\"https:\/\/shortmotorsport.com\/loja\/#organization\"},\"potentialAction\":[{\"@type\":\"SearchAction\",\"target\":{\"@type\":\"EntryPoint\",\"urlTemplate\":\"https:\/\/shortmotorsport.com\/loja\/?s={search_term_string}\"},\"query-input\":\"required name=search_term_string\"}],\"inLanguage\":\"pt-BR\"},{\"@type\":\"Organization\",\"@id\":\"https:\/\/shortmotorsport.com\/loja\/#organization\",\"name\":\"Short Motorsport\",\"url\":\"https:\/\/shortmotorsport.com\/loja\/\",\"logo\":{\"@type\":\"ImageObject\",\"inLanguage\":\"pt-BR\",\"@id\":\"https:\/\/shortmotorsport.com\/loja\/#\/schema\/logo\/image\/\",\"url\":\"https:\/\/shortmotorsport.com\/loja\/wp-content\/uploads\/2017\/11\/logo.png\",\"contentUrl\":\"https:\/\/shortmotorsport.com\/loja\/wp-content\/uploads\/2017\/11\/logo.png\",\"width\":500,\"height\":96,\"caption\":\"Short Motorsport\"},\"image\":{\"@id\":\"https:\/\/shortmotorsport.com\/loja\/#\/schema\/logo\/image\/\"},\"sameAs\":[\"https:\/\/www.facebook.com\/shortmotorsport\/\"]}]}<\/script>\n<!-- \/ Yoast SEO plugin. -->","yoast_head_json":{"title":"Nmax at\u00e9 2024 Policarbonato Fum\u00ea -","description":"Somos os maiores fabricantes de bolhas e para-brisas em policarbonato para motos do Brasil! Venha conhecer nossa loja e encontre o modelo ideal para sua moto.","robots":{"index":"index","follow":"follow","max-snippet":"max-snippet:-1","max-image-preview":"max-image-preview:large","max-video-preview":"max-video-preview:-1"},"canonical":"https:\/\/shortmotorsport.com\/loja\/produto\/nmax-ate-2024-policarbonato-fume\/","og_locale":"pt_BR","og_type":"article","og_title":"Nmax at\u00e9 2024 Policarbonato Fum\u00ea -","og_description":"Somos os maiores fabricantes de bolhas e para-brisas em policarbonato para motos do Brasil! Venha conhecer nossa loja e encontre o modelo ideal para sua moto.","og_url":"https:\/\/shortmotorsport.com\/loja\/produto\/nmax-ate-2024-policarbonato-fume\/","article_publisher":"https:\/\/www.facebook.com\/shortmotorsport\/","article_modified_time":"2025-10-25T16:12:26+00:00","og_image":[{"width":1027,"height":1594,"url":"https:\/\/shortmotorsport.com\/loja\/wp-content\/uploads\/2022\/02\/sem-def-sem-star.jpg","type":"image\/jpeg"}],"twitter_card":"summary_large_image","twitter_misc":{"Est. tempo de leitura":"1 minuto"},"schema":{"@context":"https:\/\/schema.org","@graph":[{"@type":"WebPage","@id":"https:\/\/shortmotorsport.com\/loja\/produto\/nmax-ate-2024-policarbonato-fume\/","url":"https:\/\/shortmotorsport.com\/loja\/produto\/nmax-ate-2024-policarbonato-fume\/","name":"Nmax at\u00e9 2024 Policarbonato Fum\u00ea -","isPartOf":{"@id":"https:\/\/shortmotorsport.com\/loja\/#website"},"primaryImageOfPage":{"@id":"https:\/\/shortmotorsport.com\/loja\/produto\/nmax-ate-2024-policarbonato-fume\/#primaryimage"},"image":{"@id":"https:\/\/shortmotorsport.com\/loja\/produto\/nmax-ate-2024-policarbonato-fume\/#primaryimage"},"thumbnailUrl":"https:\/\/shortmotorsport.com\/loja\/wp-content\/uploads\/2022\/02\/sem-def-sem-star.jpg","datePublished":"2022-02-14T01:20:27+00:00","dateModified":"2025-10-25T16:12:26+00:00","description":"Somos os maiores fabricantes de bolhas e para-brisas em policarbonato para motos do Brasil! Venha conhecer nossa loja e encontre o modelo ideal para sua moto.","breadcrumb":{"@id":"https:\/\/shortmotorsport.com\/loja\/produto\/nmax-ate-2024-policarbonato-fume\/#breadcrumb"},"inLanguage":"pt-BR","potentialAction":[{"@type":"ReadAction","target":["https:\/\/shortmotorsport.com\/loja\/produto\/nmax-ate-2024-policarbonato-fume\/"]}]},{"@type":"ImageObject","inLanguage":"pt-BR","@id":"https:\/\/shortmotorsport.com\/loja\/produto\/nmax-ate-2024-policarbonato-fume\/#primaryimage","url":"https:\/\/shortmotorsport.com\/loja\/wp-content\/uploads\/2022\/02\/sem-def-sem-star.jpg","contentUrl":"https:\/\/shortmotorsport.com\/loja\/wp-content\/uploads\/2022\/02\/sem-def-sem-star.jpg","width":1027,"height":1594},{"@type":"BreadcrumbList","@id":"https:\/\/shortmotorsport.com\/loja\/produto\/nmax-ate-2024-policarbonato-fume\/#breadcrumb","itemListElement":[{"@type":"ListItem","position":1,"name":"In\u00edcio","item":"https:\/\/shortmotorsport.com\/loja\/"},{"@type":"ListItem","position":2,"name":"Produtos","item":"https:\/\/shortmotorsport.com\/loja\/loja\/"},{"@type":"ListItem","position":3,"name":"Nmax at\u00e9 2024 Policarbonato Fum\u00ea"}]},{"@type":"WebSite","@id":"https:\/\/shortmotorsport.com\/loja\/#website","url":"https:\/\/shortmotorsport.com\/loja\/","name":"","description":"","publisher":{"@id":"https:\/\/shortmotorsport.com\/loja\/#organization"},"potentialAction":[{"@type":"SearchAction","target":{"@type":"EntryPoint","urlTemplate":"https:\/\/shortmotorsport.com\/loja\/?s={search_term_string}"},"query-input":"required name=search_term_string"}],"inLanguage":"pt-BR"},{"@type":"Organization","@id":"https:\/\/shortmotorsport.com\/loja\/#organization","name":"Short Motorsport","url":"https:\/\/shortmotorsport.com\/loja\/","logo":{"@type":"ImageObject","inLanguage":"pt-BR","@id":"https:\/\/shortmotorsport.com\/loja\/#\/schema\/logo\/image\/","url":"https:\/\/shortmotorsport.com\/loja\/wp-content\/uploads\/2017\/11\/logo.png","contentUrl":"https:\/\/shortmotorsport.com\/loja\/wp-content\/uploads\/2017\/11\/logo.png","width":500,"height":96,"caption":"Short Motorsport"},"image":{"@id":"https:\/\/shortmotorsport.com\/loja\/#\/schema\/logo\/image\/"},"sameAs":["https:\/\/www.facebook.com\/shortmotorsport\/"]}]}},"_links":{"self":[{"href":"https:\/\/shortmotorsport.com\/loja\/wp-json\/wp\/v2\/product\/3379"}],"collection":[{"href":"https:\/\/shortmotorsport.com\/loja\/wp-json\/wp\/v2\/product"}],"about":[{"href":"https:\/\/shortmotorsport.com\/loja\/wp-json\/wp\/v2\/types\/product"}],"replies":[{"embeddable":true,"href":"https:\/\/shortmotorsport.com\/loja\/wp-json\/wp\/v2\/comments?post=3379"}],"wp:featuredmedia":[{"embeddable":true,"href":"https:\/\/shortmotorsport.com\/loja\/wp-json\/wp\/v2\/media\/4871"}],"wp:attachment":[{"href":"https:\/\/shortmotorsport.com\/loja\/wp-json\/wp\/v2\/media?parent=3379"}],"wp:term":[{"taxonomy":"product_cat","embeddable":true,"href":"https:\/\/shortmotorsport.com\/loja\/wp-json\/wp\/v2\/product_cat?post=3379"},{"taxonomy":"product_tag","embeddable":true,"href":"https:\/\/shortmotorsport.com\/loja\/wp-json\/wp\/v2\/product_tag?post=3379"}],"curies":[{"name":"wp","href":"https:\/\/api.w.org\/{rel}","templated":true}]}}