

{"id":3507,"date":"2023-01-23T07:25:21","date_gmt":"2023-01-23T10:25:21","guid":{"rendered":"https:\/\/shortmotorsport.com\/loja\/?post_type=product&#038;p=3507"},"modified":"2024-07-22T16:04:27","modified_gmt":"2024-07-22T19:04:27","slug":"bolha-ou-para-brisa-em-policarbonato-4-mm-cristal-com-defletor-lander-250-abs","status":"publish","type":"product","link":"https:\/\/shortmotorsport.com\/loja\/produto\/bolha-ou-para-brisa-em-policarbonato-4-mm-cristal-com-defletor-lander-250-abs\/","title":{"rendered":"Bolha ou para-brisa em Policarbonato 4 Mm Cristal Com Defletor Lander 250 Abs"},"content":{"rendered":"<p>Agora venda direto da F\u00e1brica.<br \/>\nSomos os fabricantes das bolhas originais da Lander.<br \/>\nMesmo processo e mesmo policarbonato da bolha original<br \/>\nEste novo modelo de bolha para a Lander foi desenvolvido em nosso t\u00fanel de vento melhor aerodin\u00e2mica da bolha e de seu defletor, que permite melhor controle do fluxo de vento sobre o motociclista.<br \/>\nGarantimos a qualidade de nossos produtos ,12 meses contra defeitos de fabrica\u00e7\u00e3o. Verifique os cuidados para uso e instala\u00e7\u00e3o no manual de instru\u00e7\u00e3o para n\u00e3o perder a garantia do produto.<br \/>\nTemos estoque para atendimento imediato<br \/>\nSeguran\u00e7a. Fabricado em POLICARBONATO CRISTAL 4 mm , 40 vezes mais resistente a impactos que bolhas de acr\u00edlico ou plexiglas alto impacto, nomes diferentes para o mesmo material fr\u00e1gil, que ao quebrar forma perigosas pontas cortantes. Veja v\u00eddeo comparativo.<br \/>\nProte\u00e7\u00e3o contra insetos, pedras ou outros materiais arremessados contra o motociclista.<br \/>\nTranspar\u00eancia 100% \u00f3tica este produto tem \u00f3tima rela\u00e7\u00e3o de custo\/beneficio.<br \/>\nSuportes refor\u00e7ado com fixa\u00e7\u00e3o na mesa, completos incluindo os 4 parafusos com especifica\u00e7\u00e3o de fabrica para fixa\u00e7\u00e3o.<br \/>\nAcompanha instru\u00e7\u00e3o de montagem.<br \/>\nPe\u00e7as usinadas em CNC computadorizada.<br \/>\nFerragens com tratamento anti-ferrugem.<\/p>\n","protected":false},"excerpt":{"rendered":"<p>Bolha para Lander 250 Abs<\/p>\n","protected":false},"featured_media":3597,"comment_status":"open","ping_status":"closed","template":"","meta":[],"product_cat":[41],"product_tag":[],"yoast_head":"<!-- This site is optimized with the Yoast SEO plugin v22.2 - https:\/\/yoast.com\/wordpress\/plugins\/seo\/ -->\n<title>Bolha ou para-brisa em Policarbonato 4 Mm Cristal Com Defletor Lander 250 Abs -<\/title>\n<meta name=\"description\" content=\"Somos os maiores fabricantes de bolhas e para-brisas para motos do Brasil! Venha conhecer nossa loja e encontre o modelo ideal para sua moto.\" \/>\n<meta name=\"robots\" content=\"index, follow, max-snippet:-1, max-image-preview:large, max-video-preview:-1\" \/>\n<link rel=\"canonical\" href=\"https:\/\/shortmotorsport.com\/loja\/produto\/bolha-ou-para-brisa-em-policarbonato-4-mm-cristal-com-defletor-lander-250-abs\/\" \/>\n<meta property=\"og:locale\" content=\"pt_BR\" \/>\n<meta property=\"og:type\" content=\"article\" \/>\n<meta property=\"og:title\" content=\"Bolha ou para-brisa em Policarbonato 4 Mm Cristal Com Defletor Lander 250 Abs -\" \/>\n<meta property=\"og:description\" content=\"Somos os maiores fabricantes de bolhas e para-brisas para motos do Brasil! Venha conhecer nossa loja e encontre o modelo ideal para sua moto.\" \/>\n<meta property=\"og:url\" content=\"https:\/\/shortmotorsport.com\/loja\/produto\/bolha-ou-para-brisa-em-policarbonato-4-mm-cristal-com-defletor-lander-250-abs\/\" \/>\n<meta property=\"article:publisher\" content=\"https:\/\/www.facebook.com\/shortmotorsport\/\" \/>\n<meta property=\"article:modified_time\" content=\"2024-07-22T19:04:27+00:00\" \/>\n<meta property=\"og:image\" content=\"https:\/\/shortmotorsport.com\/loja\/wp-content\/uploads\/2022\/07\/lander-cristal-defletor.jpg\" \/>\n\t<meta property=\"og:image:width\" content=\"358\" \/>\n\t<meta property=\"og:image:height\" content=\"500\" \/>\n\t<meta property=\"og:image:type\" content=\"image\/jpeg\" \/>\n<meta name=\"twitter:card\" content=\"summary_large_image\" \/>\n<meta name=\"twitter:label1\" content=\"Est. tempo de leitura\" \/>\n\t<meta name=\"twitter:data1\" content=\"2 minutos\" \/>\n<script type=\"application\/ld+json\" class=\"yoast-schema-graph\">{\"@context\":\"https:\/\/schema.org\",\"@graph\":[{\"@type\":\"WebPage\",\"@id\":\"https:\/\/shortmotorsport.com\/loja\/produto\/bolha-ou-para-brisa-em-policarbonato-4-mm-cristal-com-defletor-lander-250-abs\/\",\"url\":\"https:\/\/shortmotorsport.com\/loja\/produto\/bolha-ou-para-brisa-em-policarbonato-4-mm-cristal-com-defletor-lander-250-abs\/\",\"name\":\"Bolha ou para-brisa em Policarbonato 4 Mm Cristal Com Defletor Lander 250 Abs -\",\"isPartOf\":{\"@id\":\"https:\/\/shortmotorsport.com\/loja\/#website\"},\"primaryImageOfPage\":{\"@id\":\"https:\/\/shortmotorsport.com\/loja\/produto\/bolha-ou-para-brisa-em-policarbonato-4-mm-cristal-com-defletor-lander-250-abs\/#primaryimage\"},\"image\":{\"@id\":\"https:\/\/shortmotorsport.com\/loja\/produto\/bolha-ou-para-brisa-em-policarbonato-4-mm-cristal-com-defletor-lander-250-abs\/#primaryimage\"},\"thumbnailUrl\":\"https:\/\/shortmotorsport.com\/loja\/wp-content\/uploads\/2022\/07\/lander-cristal-defletor.jpg\",\"datePublished\":\"2023-01-23T10:25:21+00:00\",\"dateModified\":\"2024-07-22T19:04:27+00:00\",\"description\":\"Somos os maiores fabricantes de bolhas e para-brisas para motos do Brasil! Venha conhecer nossa loja e encontre o modelo ideal para sua moto.\",\"breadcrumb\":{\"@id\":\"https:\/\/shortmotorsport.com\/loja\/produto\/bolha-ou-para-brisa-em-policarbonato-4-mm-cristal-com-defletor-lander-250-abs\/#breadcrumb\"},\"inLanguage\":\"pt-BR\",\"potentialAction\":[{\"@type\":\"ReadAction\",\"target\":[\"https:\/\/shortmotorsport.com\/loja\/produto\/bolha-ou-para-brisa-em-policarbonato-4-mm-cristal-com-defletor-lander-250-abs\/\"]}]},{\"@type\":\"ImageObject\",\"inLanguage\":\"pt-BR\",\"@id\":\"https:\/\/shortmotorsport.com\/loja\/produto\/bolha-ou-para-brisa-em-policarbonato-4-mm-cristal-com-defletor-lander-250-abs\/#primaryimage\",\"url\":\"https:\/\/shortmotorsport.com\/loja\/wp-content\/uploads\/2022\/07\/lander-cristal-defletor.jpg\",\"contentUrl\":\"https:\/\/shortmotorsport.com\/loja\/wp-content\/uploads\/2022\/07\/lander-cristal-defletor.jpg\",\"width\":358,\"height\":500},{\"@type\":\"BreadcrumbList\",\"@id\":\"https:\/\/shortmotorsport.com\/loja\/produto\/bolha-ou-para-brisa-em-policarbonato-4-mm-cristal-com-defletor-lander-250-abs\/#breadcrumb\",\"itemListElement\":[{\"@type\":\"ListItem\",\"position\":1,\"name\":\"In\u00edcio\",\"item\":\"https:\/\/shortmotorsport.com\/loja\/\"},{\"@type\":\"ListItem\",\"position\":2,\"name\":\"Produtos\",\"item\":\"https:\/\/shortmotorsport.com\/loja\/loja\/\"},{\"@type\":\"ListItem\",\"position\":3,\"name\":\"Bolha ou para-brisa em Policarbonato 4 Mm Cristal Com Defletor Lander 250 Abs\"}]},{\"@type\":\"WebSite\",\"@id\":\"https:\/\/shortmotorsport.com\/loja\/#website\",\"url\":\"https:\/\/shortmotorsport.com\/loja\/\",\"name\":\"\",\"description\":\"\",\"publisher\":{\"@id\":\"https:\/\/shortmotorsport.com\/loja\/#organization\"},\"potentialAction\":[{\"@type\":\"SearchAction\",\"target\":{\"@type\":\"EntryPoint\",\"urlTemplate\":\"https:\/\/shortmotorsport.com\/loja\/?s={search_term_string}\"},\"query-input\":\"required name=search_term_string\"}],\"inLanguage\":\"pt-BR\"},{\"@type\":\"Organization\",\"@id\":\"https:\/\/shortmotorsport.com\/loja\/#organization\",\"name\":\"Short Motorsport\",\"url\":\"https:\/\/shortmotorsport.com\/loja\/\",\"logo\":{\"@type\":\"ImageObject\",\"inLanguage\":\"pt-BR\",\"@id\":\"https:\/\/shortmotorsport.com\/loja\/#\/schema\/logo\/image\/\",\"url\":\"https:\/\/shortmotorsport.com\/loja\/wp-content\/uploads\/2017\/11\/logo.png\",\"contentUrl\":\"https:\/\/shortmotorsport.com\/loja\/wp-content\/uploads\/2017\/11\/logo.png\",\"width\":500,\"height\":96,\"caption\":\"Short Motorsport\"},\"image\":{\"@id\":\"https:\/\/shortmotorsport.com\/loja\/#\/schema\/logo\/image\/\"},\"sameAs\":[\"https:\/\/www.facebook.com\/shortmotorsport\/\"]}]}<\/script>\n<!-- \/ Yoast SEO plugin. -->","yoast_head_json":{"title":"Bolha ou para-brisa em Policarbonato 4 Mm Cristal Com Defletor Lander 250 Abs -","description":"Somos os maiores fabricantes de bolhas e para-brisas para motos do Brasil! Venha conhecer nossa loja e encontre o modelo ideal para sua moto.","robots":{"index":"index","follow":"follow","max-snippet":"max-snippet:-1","max-image-preview":"max-image-preview:large","max-video-preview":"max-video-preview:-1"},"canonical":"https:\/\/shortmotorsport.com\/loja\/produto\/bolha-ou-para-brisa-em-policarbonato-4-mm-cristal-com-defletor-lander-250-abs\/","og_locale":"pt_BR","og_type":"article","og_title":"Bolha ou para-brisa em Policarbonato 4 Mm Cristal Com Defletor Lander 250 Abs -","og_description":"Somos os maiores fabricantes de bolhas e para-brisas para motos do Brasil! Venha conhecer nossa loja e encontre o modelo ideal para sua moto.","og_url":"https:\/\/shortmotorsport.com\/loja\/produto\/bolha-ou-para-brisa-em-policarbonato-4-mm-cristal-com-defletor-lander-250-abs\/","article_publisher":"https:\/\/www.facebook.com\/shortmotorsport\/","article_modified_time":"2024-07-22T19:04:27+00:00","og_image":[{"width":358,"height":500,"url":"https:\/\/shortmotorsport.com\/loja\/wp-content\/uploads\/2022\/07\/lander-cristal-defletor.jpg","type":"image\/jpeg"}],"twitter_card":"summary_large_image","twitter_misc":{"Est. tempo de leitura":"2 minutos"},"schema":{"@context":"https:\/\/schema.org","@graph":[{"@type":"WebPage","@id":"https:\/\/shortmotorsport.com\/loja\/produto\/bolha-ou-para-brisa-em-policarbonato-4-mm-cristal-com-defletor-lander-250-abs\/","url":"https:\/\/shortmotorsport.com\/loja\/produto\/bolha-ou-para-brisa-em-policarbonato-4-mm-cristal-com-defletor-lander-250-abs\/","name":"Bolha ou para-brisa em Policarbonato 4 Mm Cristal Com Defletor Lander 250 Abs -","isPartOf":{"@id":"https:\/\/shortmotorsport.com\/loja\/#website"},"primaryImageOfPage":{"@id":"https:\/\/shortmotorsport.com\/loja\/produto\/bolha-ou-para-brisa-em-policarbonato-4-mm-cristal-com-defletor-lander-250-abs\/#primaryimage"},"image":{"@id":"https:\/\/shortmotorsport.com\/loja\/produto\/bolha-ou-para-brisa-em-policarbonato-4-mm-cristal-com-defletor-lander-250-abs\/#primaryimage"},"thumbnailUrl":"https:\/\/shortmotorsport.com\/loja\/wp-content\/uploads\/2022\/07\/lander-cristal-defletor.jpg","datePublished":"2023-01-23T10:25:21+00:00","dateModified":"2024-07-22T19:04:27+00:00","description":"Somos os maiores fabricantes de bolhas e para-brisas para motos do Brasil! Venha conhecer nossa loja e encontre o modelo ideal para sua moto.","breadcrumb":{"@id":"https:\/\/shortmotorsport.com\/loja\/produto\/bolha-ou-para-brisa-em-policarbonato-4-mm-cristal-com-defletor-lander-250-abs\/#breadcrumb"},"inLanguage":"pt-BR","potentialAction":[{"@type":"ReadAction","target":["https:\/\/shortmotorsport.com\/loja\/produto\/bolha-ou-para-brisa-em-policarbonato-4-mm-cristal-com-defletor-lander-250-abs\/"]}]},{"@type":"ImageObject","inLanguage":"pt-BR","@id":"https:\/\/shortmotorsport.com\/loja\/produto\/bolha-ou-para-brisa-em-policarbonato-4-mm-cristal-com-defletor-lander-250-abs\/#primaryimage","url":"https:\/\/shortmotorsport.com\/loja\/wp-content\/uploads\/2022\/07\/lander-cristal-defletor.jpg","contentUrl":"https:\/\/shortmotorsport.com\/loja\/wp-content\/uploads\/2022\/07\/lander-cristal-defletor.jpg","width":358,"height":500},{"@type":"BreadcrumbList","@id":"https:\/\/shortmotorsport.com\/loja\/produto\/bolha-ou-para-brisa-em-policarbonato-4-mm-cristal-com-defletor-lander-250-abs\/#breadcrumb","itemListElement":[{"@type":"ListItem","position":1,"name":"In\u00edcio","item":"https:\/\/shortmotorsport.com\/loja\/"},{"@type":"ListItem","position":2,"name":"Produtos","item":"https:\/\/shortmotorsport.com\/loja\/loja\/"},{"@type":"ListItem","position":3,"name":"Bolha ou para-brisa em Policarbonato 4 Mm Cristal Com Defletor Lander 250 Abs"}]},{"@type":"WebSite","@id":"https:\/\/shortmotorsport.com\/loja\/#website","url":"https:\/\/shortmotorsport.com\/loja\/","name":"","description":"","publisher":{"@id":"https:\/\/shortmotorsport.com\/loja\/#organization"},"potentialAction":[{"@type":"SearchAction","target":{"@type":"EntryPoint","urlTemplate":"https:\/\/shortmotorsport.com\/loja\/?s={search_term_string}"},"query-input":"required name=search_term_string"}],"inLanguage":"pt-BR"},{"@type":"Organization","@id":"https:\/\/shortmotorsport.com\/loja\/#organization","name":"Short Motorsport","url":"https:\/\/shortmotorsport.com\/loja\/","logo":{"@type":"ImageObject","inLanguage":"pt-BR","@id":"https:\/\/shortmotorsport.com\/loja\/#\/schema\/logo\/image\/","url":"https:\/\/shortmotorsport.com\/loja\/wp-content\/uploads\/2017\/11\/logo.png","contentUrl":"https:\/\/shortmotorsport.com\/loja\/wp-content\/uploads\/2017\/11\/logo.png","width":500,"height":96,"caption":"Short Motorsport"},"image":{"@id":"https:\/\/shortmotorsport.com\/loja\/#\/schema\/logo\/image\/"},"sameAs":["https:\/\/www.facebook.com\/shortmotorsport\/"]}]}},"_links":{"self":[{"href":"https:\/\/shortmotorsport.com\/loja\/wp-json\/wp\/v2\/product\/3507"}],"collection":[{"href":"https:\/\/shortmotorsport.com\/loja\/wp-json\/wp\/v2\/product"}],"about":[{"href":"https:\/\/shortmotorsport.com\/loja\/wp-json\/wp\/v2\/types\/product"}],"replies":[{"embeddable":true,"href":"https:\/\/shortmotorsport.com\/loja\/wp-json\/wp\/v2\/comments?post=3507"}],"wp:featuredmedia":[{"embeddable":true,"href":"https:\/\/shortmotorsport.com\/loja\/wp-json\/wp\/v2\/media\/3597"}],"wp:attachment":[{"href":"https:\/\/shortmotorsport.com\/loja\/wp-json\/wp\/v2\/media?parent=3507"}],"wp:term":[{"taxonomy":"product_cat","embeddable":true,"href":"https:\/\/shortmotorsport.com\/loja\/wp-json\/wp\/v2\/product_cat?post=3507"},{"taxonomy":"product_tag","embeddable":true,"href":"https:\/\/shortmotorsport.com\/loja\/wp-json\/wp\/v2\/product_tag?post=3507"}],"curies":[{"name":"wp","href":"https:\/\/api.w.org\/{rel}","templated":true}]}}