

{"id":4298,"date":"2024-01-10T07:21:04","date_gmt":"2024-01-10T10:21:04","guid":{"rendered":"https:\/\/shortmotorsport.com\/loja\/?post_type=product&#038;p=4298"},"modified":"2025-04-20T09:10:59","modified_gmt":"2025-04-20T12:10:59","slug":"bolha-para-nmax-21-22-23-policarbonato-cristal-4-mm","status":"publish","type":"product","link":"https:\/\/shortmotorsport.com\/loja\/produto\/bolha-para-nmax-21-22-23-policarbonato-cristal-4-mm\/","title":{"rendered":"Bolha Para Nmax 21 \/22 \/23 Policarbonato Cristal 4 Mm."},"content":{"rendered":"<p>Nova bolha desenvolvida para a NMax novo modelo 2021 , 2022,2023,2024<br \/>\nFabricada em policarbonato Cristal de 4 mm, material de alt\u00edssima resist\u00eancia a impactos.<br \/>\nO Policarbonato \u00e9 40 vezes mais resistente a impactos do que uma bolha de acr\u00edlico.<br \/>\nSeguran\u00e7a , veja v\u00eddeos comparativo comparando estes materiais.<br \/>\nDesenvolvida em nosso t\u00fanel de vento esta bolha tem \u00f3timo desempenho de penetra\u00e7\u00e3o aerodin\u00e2mica e desvio do vento sobre o motocicl\u00edstica .<br \/>\nRetire os 4 parafusos da bolha original de pl\u00e1stico , substitua pelos de a\u00e7o enviados e recoloque fixando sua nova bolha em Policarbonato.<br \/>\nDimens\u00f5es .<br \/>\nAltura 66 cm<br \/>\nLargura 36 cm<\/p>\n","protected":false},"excerpt":{"rendered":"<p>Nova bolha desenvolvida para a NMax novo modelo 2021 , 2022,2023,2024 Fabricada em policarbonato Cristal de 4 mm, material de alt\u00edssima resist\u00eancia a impactos. O Policarbonato \u00e9 40 vezes mais resistente a impactos do que uma bolha de acr\u00edlico. Seguran\u00e7a , veja v\u00eddeos comparativo comparando estes materiais. Desenvolvida em nosso t\u00fanel de vento esta bolha [&hellip;]<\/p>\n","protected":false},"featured_media":4299,"comment_status":"open","ping_status":"closed","template":"","meta":[],"product_cat":[31],"product_tag":[],"yoast_head":"<!-- This site is optimized with the Yoast SEO plugin v22.2 - https:\/\/yoast.com\/wordpress\/plugins\/seo\/ -->\n<title>Bolha Para Nmax 21 \/22 \/23 Policarbonato Cristal 4 Mm. -<\/title>\n<meta name=\"description\" content=\"Somos os maiores fabricantes de bolhas e para-brisas para motos do Brasil! Venha conhecer nossa loja e encontre o modelo ideal para sua moto.\" \/>\n<meta name=\"robots\" content=\"index, follow, max-snippet:-1, max-image-preview:large, max-video-preview:-1\" \/>\n<link rel=\"canonical\" href=\"https:\/\/shortmotorsport.com\/loja\/produto\/bolha-para-nmax-21-22-23-policarbonato-cristal-4-mm\/\" \/>\n<meta property=\"og:locale\" content=\"pt_BR\" \/>\n<meta property=\"og:type\" content=\"article\" \/>\n<meta property=\"og:title\" content=\"Bolha Para Nmax 21 \/22 \/23 Policarbonato Cristal 4 Mm. -\" \/>\n<meta property=\"og:description\" content=\"Somos os maiores fabricantes de bolhas e para-brisas para motos do Brasil! Venha conhecer nossa loja e encontre o modelo ideal para sua moto.\" \/>\n<meta property=\"og:url\" content=\"https:\/\/shortmotorsport.com\/loja\/produto\/bolha-para-nmax-21-22-23-policarbonato-cristal-4-mm\/\" \/>\n<meta property=\"article:publisher\" content=\"https:\/\/www.facebook.com\/shortmotorsport\/\" \/>\n<meta property=\"article:modified_time\" content=\"2025-04-20T12:10:59+00:00\" \/>\n<meta property=\"og:image\" content=\"https:\/\/shortmotorsport.com\/loja\/wp-content\/uploads\/2024\/01\/sem-defletor-cristal.jpg\" \/>\n\t<meta property=\"og:image:width\" content=\"500\" \/>\n\t<meta property=\"og:image:height\" content=\"819\" \/>\n\t<meta property=\"og:image:type\" content=\"image\/jpeg\" \/>\n<meta name=\"twitter:card\" content=\"summary_large_image\" \/>\n<meta name=\"twitter:label1\" content=\"Est. tempo de leitura\" \/>\n\t<meta name=\"twitter:data1\" content=\"1 minuto\" \/>\n<script type=\"application\/ld+json\" class=\"yoast-schema-graph\">{\"@context\":\"https:\/\/schema.org\",\"@graph\":[{\"@type\":\"WebPage\",\"@id\":\"https:\/\/shortmotorsport.com\/loja\/produto\/bolha-para-nmax-21-22-23-policarbonato-cristal-4-mm\/\",\"url\":\"https:\/\/shortmotorsport.com\/loja\/produto\/bolha-para-nmax-21-22-23-policarbonato-cristal-4-mm\/\",\"name\":\"Bolha Para Nmax 21 \/22 \/23 Policarbonato Cristal 4 Mm. -\",\"isPartOf\":{\"@id\":\"https:\/\/shortmotorsport.com\/loja\/#website\"},\"primaryImageOfPage\":{\"@id\":\"https:\/\/shortmotorsport.com\/loja\/produto\/bolha-para-nmax-21-22-23-policarbonato-cristal-4-mm\/#primaryimage\"},\"image\":{\"@id\":\"https:\/\/shortmotorsport.com\/loja\/produto\/bolha-para-nmax-21-22-23-policarbonato-cristal-4-mm\/#primaryimage\"},\"thumbnailUrl\":\"https:\/\/shortmotorsport.com\/loja\/wp-content\/uploads\/2024\/01\/sem-defletor-cristal.jpg\",\"datePublished\":\"2024-01-10T10:21:04+00:00\",\"dateModified\":\"2025-04-20T12:10:59+00:00\",\"description\":\"Somos os maiores fabricantes de bolhas e para-brisas para motos do Brasil! Venha conhecer nossa loja e encontre o modelo ideal para sua moto.\",\"breadcrumb\":{\"@id\":\"https:\/\/shortmotorsport.com\/loja\/produto\/bolha-para-nmax-21-22-23-policarbonato-cristal-4-mm\/#breadcrumb\"},\"inLanguage\":\"pt-BR\",\"potentialAction\":[{\"@type\":\"ReadAction\",\"target\":[\"https:\/\/shortmotorsport.com\/loja\/produto\/bolha-para-nmax-21-22-23-policarbonato-cristal-4-mm\/\"]}]},{\"@type\":\"ImageObject\",\"inLanguage\":\"pt-BR\",\"@id\":\"https:\/\/shortmotorsport.com\/loja\/produto\/bolha-para-nmax-21-22-23-policarbonato-cristal-4-mm\/#primaryimage\",\"url\":\"https:\/\/shortmotorsport.com\/loja\/wp-content\/uploads\/2024\/01\/sem-defletor-cristal.jpg\",\"contentUrl\":\"https:\/\/shortmotorsport.com\/loja\/wp-content\/uploads\/2024\/01\/sem-defletor-cristal.jpg\",\"width\":500,\"height\":819},{\"@type\":\"BreadcrumbList\",\"@id\":\"https:\/\/shortmotorsport.com\/loja\/produto\/bolha-para-nmax-21-22-23-policarbonato-cristal-4-mm\/#breadcrumb\",\"itemListElement\":[{\"@type\":\"ListItem\",\"position\":1,\"name\":\"In\u00edcio\",\"item\":\"https:\/\/shortmotorsport.com\/loja\/\"},{\"@type\":\"ListItem\",\"position\":2,\"name\":\"Produtos\",\"item\":\"https:\/\/shortmotorsport.com\/loja\/loja\/\"},{\"@type\":\"ListItem\",\"position\":3,\"name\":\"Bolha Para Nmax 21 \/22 \/23 Policarbonato Cristal 4 Mm.\"}]},{\"@type\":\"WebSite\",\"@id\":\"https:\/\/shortmotorsport.com\/loja\/#website\",\"url\":\"https:\/\/shortmotorsport.com\/loja\/\",\"name\":\"\",\"description\":\"\",\"publisher\":{\"@id\":\"https:\/\/shortmotorsport.com\/loja\/#organization\"},\"potentialAction\":[{\"@type\":\"SearchAction\",\"target\":{\"@type\":\"EntryPoint\",\"urlTemplate\":\"https:\/\/shortmotorsport.com\/loja\/?s={search_term_string}\"},\"query-input\":\"required name=search_term_string\"}],\"inLanguage\":\"pt-BR\"},{\"@type\":\"Organization\",\"@id\":\"https:\/\/shortmotorsport.com\/loja\/#organization\",\"name\":\"Short Motorsport\",\"url\":\"https:\/\/shortmotorsport.com\/loja\/\",\"logo\":{\"@type\":\"ImageObject\",\"inLanguage\":\"pt-BR\",\"@id\":\"https:\/\/shortmotorsport.com\/loja\/#\/schema\/logo\/image\/\",\"url\":\"https:\/\/shortmotorsport.com\/loja\/wp-content\/uploads\/2017\/11\/logo.png\",\"contentUrl\":\"https:\/\/shortmotorsport.com\/loja\/wp-content\/uploads\/2017\/11\/logo.png\",\"width\":500,\"height\":96,\"caption\":\"Short Motorsport\"},\"image\":{\"@id\":\"https:\/\/shortmotorsport.com\/loja\/#\/schema\/logo\/image\/\"},\"sameAs\":[\"https:\/\/www.facebook.com\/shortmotorsport\/\"]}]}<\/script>\n<!-- \/ Yoast SEO plugin. -->","yoast_head_json":{"title":"Bolha Para Nmax 21 \/22 \/23 Policarbonato Cristal 4 Mm. -","description":"Somos os maiores fabricantes de bolhas e para-brisas para motos do Brasil! Venha conhecer nossa loja e encontre o modelo ideal para sua moto.","robots":{"index":"index","follow":"follow","max-snippet":"max-snippet:-1","max-image-preview":"max-image-preview:large","max-video-preview":"max-video-preview:-1"},"canonical":"https:\/\/shortmotorsport.com\/loja\/produto\/bolha-para-nmax-21-22-23-policarbonato-cristal-4-mm\/","og_locale":"pt_BR","og_type":"article","og_title":"Bolha Para Nmax 21 \/22 \/23 Policarbonato Cristal 4 Mm. -","og_description":"Somos os maiores fabricantes de bolhas e para-brisas para motos do Brasil! Venha conhecer nossa loja e encontre o modelo ideal para sua moto.","og_url":"https:\/\/shortmotorsport.com\/loja\/produto\/bolha-para-nmax-21-22-23-policarbonato-cristal-4-mm\/","article_publisher":"https:\/\/www.facebook.com\/shortmotorsport\/","article_modified_time":"2025-04-20T12:10:59+00:00","og_image":[{"width":500,"height":819,"url":"https:\/\/shortmotorsport.com\/loja\/wp-content\/uploads\/2024\/01\/sem-defletor-cristal.jpg","type":"image\/jpeg"}],"twitter_card":"summary_large_image","twitter_misc":{"Est. tempo de leitura":"1 minuto"},"schema":{"@context":"https:\/\/schema.org","@graph":[{"@type":"WebPage","@id":"https:\/\/shortmotorsport.com\/loja\/produto\/bolha-para-nmax-21-22-23-policarbonato-cristal-4-mm\/","url":"https:\/\/shortmotorsport.com\/loja\/produto\/bolha-para-nmax-21-22-23-policarbonato-cristal-4-mm\/","name":"Bolha Para Nmax 21 \/22 \/23 Policarbonato Cristal 4 Mm. -","isPartOf":{"@id":"https:\/\/shortmotorsport.com\/loja\/#website"},"primaryImageOfPage":{"@id":"https:\/\/shortmotorsport.com\/loja\/produto\/bolha-para-nmax-21-22-23-policarbonato-cristal-4-mm\/#primaryimage"},"image":{"@id":"https:\/\/shortmotorsport.com\/loja\/produto\/bolha-para-nmax-21-22-23-policarbonato-cristal-4-mm\/#primaryimage"},"thumbnailUrl":"https:\/\/shortmotorsport.com\/loja\/wp-content\/uploads\/2024\/01\/sem-defletor-cristal.jpg","datePublished":"2024-01-10T10:21:04+00:00","dateModified":"2025-04-20T12:10:59+00:00","description":"Somos os maiores fabricantes de bolhas e para-brisas para motos do Brasil! Venha conhecer nossa loja e encontre o modelo ideal para sua moto.","breadcrumb":{"@id":"https:\/\/shortmotorsport.com\/loja\/produto\/bolha-para-nmax-21-22-23-policarbonato-cristal-4-mm\/#breadcrumb"},"inLanguage":"pt-BR","potentialAction":[{"@type":"ReadAction","target":["https:\/\/shortmotorsport.com\/loja\/produto\/bolha-para-nmax-21-22-23-policarbonato-cristal-4-mm\/"]}]},{"@type":"ImageObject","inLanguage":"pt-BR","@id":"https:\/\/shortmotorsport.com\/loja\/produto\/bolha-para-nmax-21-22-23-policarbonato-cristal-4-mm\/#primaryimage","url":"https:\/\/shortmotorsport.com\/loja\/wp-content\/uploads\/2024\/01\/sem-defletor-cristal.jpg","contentUrl":"https:\/\/shortmotorsport.com\/loja\/wp-content\/uploads\/2024\/01\/sem-defletor-cristal.jpg","width":500,"height":819},{"@type":"BreadcrumbList","@id":"https:\/\/shortmotorsport.com\/loja\/produto\/bolha-para-nmax-21-22-23-policarbonato-cristal-4-mm\/#breadcrumb","itemListElement":[{"@type":"ListItem","position":1,"name":"In\u00edcio","item":"https:\/\/shortmotorsport.com\/loja\/"},{"@type":"ListItem","position":2,"name":"Produtos","item":"https:\/\/shortmotorsport.com\/loja\/loja\/"},{"@type":"ListItem","position":3,"name":"Bolha Para Nmax 21 \/22 \/23 Policarbonato Cristal 4 Mm."}]},{"@type":"WebSite","@id":"https:\/\/shortmotorsport.com\/loja\/#website","url":"https:\/\/shortmotorsport.com\/loja\/","name":"","description":"","publisher":{"@id":"https:\/\/shortmotorsport.com\/loja\/#organization"},"potentialAction":[{"@type":"SearchAction","target":{"@type":"EntryPoint","urlTemplate":"https:\/\/shortmotorsport.com\/loja\/?s={search_term_string}"},"query-input":"required name=search_term_string"}],"inLanguage":"pt-BR"},{"@type":"Organization","@id":"https:\/\/shortmotorsport.com\/loja\/#organization","name":"Short Motorsport","url":"https:\/\/shortmotorsport.com\/loja\/","logo":{"@type":"ImageObject","inLanguage":"pt-BR","@id":"https:\/\/shortmotorsport.com\/loja\/#\/schema\/logo\/image\/","url":"https:\/\/shortmotorsport.com\/loja\/wp-content\/uploads\/2017\/11\/logo.png","contentUrl":"https:\/\/shortmotorsport.com\/loja\/wp-content\/uploads\/2017\/11\/logo.png","width":500,"height":96,"caption":"Short Motorsport"},"image":{"@id":"https:\/\/shortmotorsport.com\/loja\/#\/schema\/logo\/image\/"},"sameAs":["https:\/\/www.facebook.com\/shortmotorsport\/"]}]}},"_links":{"self":[{"href":"https:\/\/shortmotorsport.com\/loja\/wp-json\/wp\/v2\/product\/4298"}],"collection":[{"href":"https:\/\/shortmotorsport.com\/loja\/wp-json\/wp\/v2\/product"}],"about":[{"href":"https:\/\/shortmotorsport.com\/loja\/wp-json\/wp\/v2\/types\/product"}],"replies":[{"embeddable":true,"href":"https:\/\/shortmotorsport.com\/loja\/wp-json\/wp\/v2\/comments?post=4298"}],"wp:featuredmedia":[{"embeddable":true,"href":"https:\/\/shortmotorsport.com\/loja\/wp-json\/wp\/v2\/media\/4299"}],"wp:attachment":[{"href":"https:\/\/shortmotorsport.com\/loja\/wp-json\/wp\/v2\/media?parent=4298"}],"wp:term":[{"taxonomy":"product_cat","embeddable":true,"href":"https:\/\/shortmotorsport.com\/loja\/wp-json\/wp\/v2\/product_cat?post=4298"},{"taxonomy":"product_tag","embeddable":true,"href":"https:\/\/shortmotorsport.com\/loja\/wp-json\/wp\/v2\/product_tag?post=4298"}],"curies":[{"name":"wp","href":"https:\/\/api.w.org\/{rel}","templated":true}]}}