

{"id":87,"date":"2017-11-13T19:45:23","date_gmt":"2017-11-13T21:45:23","guid":{"rendered":"https:\/\/shortmotorsport.com\/loja\/wordpress\/?post_type=product&#038;p=87"},"modified":"2026-01-15T09:42:06","modified_gmt":"2026-01-15T12:42:06","slug":"bolha-alta-policarbonato-bmw-g650-gs-com-defletor","status":"publish","type":"product","link":"https:\/\/shortmotorsport.com\/loja\/produto\/bolha-alta-policarbonato-bmw-g650-gs-com-defletor\/","title":{"rendered":"Bolha Alta Policarbonato BMW G650 Gs com Defletor"},"content":{"rendered":"<ul>\n<li>O \u00fanico em POLICARBONATO 4 mm 40 x mais resistente que o acr\u00edlico, para maior <strong>seguran\u00e7a<\/strong>! N\u00e3o trabalhamos com acr\u00edlico ou plexiglas, nomes diferentes para o mesmo material, porque quebram com facilidade.<\/li>\n<li>Com defletor regul\u00e1vel desenvolvido em nosso t\u00fanel de vento. Voc\u00ea escolhe com, ou sem vento no rosto, abaixe ou suba a regulagem.<\/li>\n<li>Precis\u00e3o encaixe perfeito na instala\u00e7\u00e3o! Pe\u00e7as usinadas em CNC computadorizada.<br \/>\nEncaixes assim\u00e9tricos conforme original para compensar desnivel ao aparafusar.<\/li>\n<li>Maxima qualidade do logo GS impresso no pr\u00f3prio policarbonato. N\u00e3o \u00e9 adesivo.<\/li>\n<li>Nossa empresa \u00e9 fabricante de pa\u00e7as de carro de corrida. Nossos produtos tem sempre m\u00e1xima performance.<\/li>\n<li>Nosso Frete \u00e9 Gr\u00e1tis, via PAC dos Correios (ou Sedex para as localidades onde n\u00e3o h\u00e1 PAC), para entrega em todo o Brasil.<\/li>\n<li>Pol\u00edtica de entrega: O produto comprado, ser\u00e1 entregue pelos Correios , conforme preenchimento dos dados ao efetuar a compra do seu pedido.<\/li>\n<\/ul>\n<p class=\"product woocommerce add_to_cart_inline \" style=\"border:4px solid #ccc; padding: 12px;\"><del aria-hidden=\"true\"><span class=\"woocommerce-Price-amount amount\"><bdi><span class=\"woocommerce-Price-currencySymbol\">&#82;&#36;<\/span>495,00<\/bdi><\/span><\/del> <ins><span class=\"woocommerce-Price-amount amount\"><bdi><span class=\"woocommerce-Price-currencySymbol\">&#82;&#36;<\/span>460,00<\/bdi><\/span><\/ins><a href=\"?add-to-cart=87\" data-quantity=\"1\" class=\"button product_type_simple add_to_cart_button ajax_add_to_cart\" data-product_id=\"87\" data-product_sku=\"\" aria-label=\"Add to cart: &ldquo;Bolha Alta Policarbonato BMW G650 Gs com Defletor&rdquo;\" aria-describedby=\"\" rel=\"nofollow\">Comprar<\/a><\/p>\n","protected":false},"excerpt":{"rendered":"<p><img loading=\"lazy\" decoding=\"async\" class=\"aligncenter size-medium\" src=\"https:\/\/shortmotorsport.com\/loja\/wp-content\/uploads\/2018\/03\/banner4.png\" width=\"648\" height=\"95\" \/><br \/>\nPara-brisa de qualidade premium para BMW GS 2003 a 2011.<\/p>\n<p><strong>Somos os fabricantes<\/strong>. Garantimos a <strong>qualidade<\/strong> de nossos produtos.<br \/>\nTemos estoque para <strong>atendimento imediato<\/strong>.<br \/>\nEmitimos nota fiscal.<\/p>\n","protected":false},"featured_media":600,"comment_status":"open","ping_status":"closed","template":"","meta":[],"product_cat":[26],"product_tag":[],"yoast_head":"<!-- This site is optimized with the Yoast SEO plugin v22.2 - https:\/\/yoast.com\/wordpress\/plugins\/seo\/ -->\n<title>Bolha Alta Policarbonato BMW G650 Gs com Defletor -<\/title>\n<meta name=\"description\" content=\"Somos os maiores fabricantes de bolhas e para-brisas para motos do Brasil! Venha conhecer nossa loja e encontre o modelo ideal para sua moto.\" \/>\n<meta name=\"robots\" content=\"index, follow, max-snippet:-1, max-image-preview:large, max-video-preview:-1\" \/>\n<link rel=\"canonical\" href=\"https:\/\/shortmotorsport.com\/loja\/produto\/bolha-alta-policarbonato-bmw-g650-gs-com-defletor\/\" \/>\n<meta property=\"og:locale\" content=\"pt_BR\" \/>\n<meta property=\"og:type\" content=\"article\" \/>\n<meta property=\"og:title\" content=\"Bolha Alta Policarbonato BMW G650 Gs com Defletor -\" \/>\n<meta property=\"og:description\" content=\"Somos os maiores fabricantes de bolhas e para-brisas para motos do Brasil! Venha conhecer nossa loja e encontre o modelo ideal para sua moto.\" \/>\n<meta property=\"og:url\" content=\"https:\/\/shortmotorsport.com\/loja\/produto\/bolha-alta-policarbonato-bmw-g650-gs-com-defletor\/\" \/>\n<meta property=\"article:publisher\" content=\"https:\/\/www.facebook.com\/shortmotorsport\/\" \/>\n<meta property=\"article:modified_time\" content=\"2026-01-15T12:42:06+00:00\" \/>\n<meta property=\"og:image\" content=\"https:\/\/shortmotorsport.com\/loja\/wp-content\/uploads\/2017\/11\/bmw-andre.jpg\" \/>\n\t<meta property=\"og:image:width\" content=\"1535\" \/>\n\t<meta property=\"og:image:height\" content=\"1280\" \/>\n\t<meta property=\"og:image:type\" content=\"image\/jpeg\" \/>\n<meta name=\"twitter:card\" content=\"summary_large_image\" \/>\n<meta name=\"twitter:label1\" content=\"Est. tempo de leitura\" \/>\n\t<meta name=\"twitter:data1\" content=\"1 minuto\" \/>\n<script type=\"application\/ld+json\" class=\"yoast-schema-graph\">{\"@context\":\"https:\/\/schema.org\",\"@graph\":[{\"@type\":\"WebPage\",\"@id\":\"https:\/\/shortmotorsport.com\/loja\/produto\/bolha-alta-policarbonato-bmw-g650-gs-com-defletor\/\",\"url\":\"https:\/\/shortmotorsport.com\/loja\/produto\/bolha-alta-policarbonato-bmw-g650-gs-com-defletor\/\",\"name\":\"Bolha Alta Policarbonato BMW G650 Gs com Defletor -\",\"isPartOf\":{\"@id\":\"https:\/\/shortmotorsport.com\/loja\/#website\"},\"primaryImageOfPage\":{\"@id\":\"https:\/\/shortmotorsport.com\/loja\/produto\/bolha-alta-policarbonato-bmw-g650-gs-com-defletor\/#primaryimage\"},\"image\":{\"@id\":\"https:\/\/shortmotorsport.com\/loja\/produto\/bolha-alta-policarbonato-bmw-g650-gs-com-defletor\/#primaryimage\"},\"thumbnailUrl\":\"https:\/\/shortmotorsport.com\/loja\/wp-content\/uploads\/2017\/11\/bmw-andre.jpg\",\"datePublished\":\"2017-11-13T21:45:23+00:00\",\"dateModified\":\"2026-01-15T12:42:06+00:00\",\"description\":\"Somos os maiores fabricantes de bolhas e para-brisas para motos do Brasil! Venha conhecer nossa loja e encontre o modelo ideal para sua moto.\",\"breadcrumb\":{\"@id\":\"https:\/\/shortmotorsport.com\/loja\/produto\/bolha-alta-policarbonato-bmw-g650-gs-com-defletor\/#breadcrumb\"},\"inLanguage\":\"pt-BR\",\"potentialAction\":[{\"@type\":\"ReadAction\",\"target\":[\"https:\/\/shortmotorsport.com\/loja\/produto\/bolha-alta-policarbonato-bmw-g650-gs-com-defletor\/\"]}]},{\"@type\":\"ImageObject\",\"inLanguage\":\"pt-BR\",\"@id\":\"https:\/\/shortmotorsport.com\/loja\/produto\/bolha-alta-policarbonato-bmw-g650-gs-com-defletor\/#primaryimage\",\"url\":\"https:\/\/shortmotorsport.com\/loja\/wp-content\/uploads\/2017\/11\/bmw-andre.jpg\",\"contentUrl\":\"https:\/\/shortmotorsport.com\/loja\/wp-content\/uploads\/2017\/11\/bmw-andre.jpg\",\"width\":1535,\"height\":1280},{\"@type\":\"BreadcrumbList\",\"@id\":\"https:\/\/shortmotorsport.com\/loja\/produto\/bolha-alta-policarbonato-bmw-g650-gs-com-defletor\/#breadcrumb\",\"itemListElement\":[{\"@type\":\"ListItem\",\"position\":1,\"name\":\"In\u00edcio\",\"item\":\"https:\/\/shortmotorsport.com\/loja\/\"},{\"@type\":\"ListItem\",\"position\":2,\"name\":\"Produtos\",\"item\":\"https:\/\/shortmotorsport.com\/loja\/loja\/\"},{\"@type\":\"ListItem\",\"position\":3,\"name\":\"Bolha Alta Policarbonato BMW G650 Gs com Defletor\"}]},{\"@type\":\"WebSite\",\"@id\":\"https:\/\/shortmotorsport.com\/loja\/#website\",\"url\":\"https:\/\/shortmotorsport.com\/loja\/\",\"name\":\"\",\"description\":\"\",\"publisher\":{\"@id\":\"https:\/\/shortmotorsport.com\/loja\/#organization\"},\"potentialAction\":[{\"@type\":\"SearchAction\",\"target\":{\"@type\":\"EntryPoint\",\"urlTemplate\":\"https:\/\/shortmotorsport.com\/loja\/?s={search_term_string}\"},\"query-input\":\"required name=search_term_string\"}],\"inLanguage\":\"pt-BR\"},{\"@type\":\"Organization\",\"@id\":\"https:\/\/shortmotorsport.com\/loja\/#organization\",\"name\":\"Short Motorsport\",\"url\":\"https:\/\/shortmotorsport.com\/loja\/\",\"logo\":{\"@type\":\"ImageObject\",\"inLanguage\":\"pt-BR\",\"@id\":\"https:\/\/shortmotorsport.com\/loja\/#\/schema\/logo\/image\/\",\"url\":\"https:\/\/shortmotorsport.com\/loja\/wp-content\/uploads\/2017\/11\/logo.png\",\"contentUrl\":\"https:\/\/shortmotorsport.com\/loja\/wp-content\/uploads\/2017\/11\/logo.png\",\"width\":500,\"height\":96,\"caption\":\"Short Motorsport\"},\"image\":{\"@id\":\"https:\/\/shortmotorsport.com\/loja\/#\/schema\/logo\/image\/\"},\"sameAs\":[\"https:\/\/www.facebook.com\/shortmotorsport\/\"]}]}<\/script>\n<!-- \/ Yoast SEO plugin. -->","yoast_head_json":{"title":"Bolha Alta Policarbonato BMW G650 Gs com Defletor -","description":"Somos os maiores fabricantes de bolhas e para-brisas para motos do Brasil! Venha conhecer nossa loja e encontre o modelo ideal para sua moto.","robots":{"index":"index","follow":"follow","max-snippet":"max-snippet:-1","max-image-preview":"max-image-preview:large","max-video-preview":"max-video-preview:-1"},"canonical":"https:\/\/shortmotorsport.com\/loja\/produto\/bolha-alta-policarbonato-bmw-g650-gs-com-defletor\/","og_locale":"pt_BR","og_type":"article","og_title":"Bolha Alta Policarbonato BMW G650 Gs com Defletor -","og_description":"Somos os maiores fabricantes de bolhas e para-brisas para motos do Brasil! Venha conhecer nossa loja e encontre o modelo ideal para sua moto.","og_url":"https:\/\/shortmotorsport.com\/loja\/produto\/bolha-alta-policarbonato-bmw-g650-gs-com-defletor\/","article_publisher":"https:\/\/www.facebook.com\/shortmotorsport\/","article_modified_time":"2026-01-15T12:42:06+00:00","og_image":[{"width":1535,"height":1280,"url":"https:\/\/shortmotorsport.com\/loja\/wp-content\/uploads\/2017\/11\/bmw-andre.jpg","type":"image\/jpeg"}],"twitter_card":"summary_large_image","twitter_misc":{"Est. tempo de leitura":"1 minuto"},"schema":{"@context":"https:\/\/schema.org","@graph":[{"@type":"WebPage","@id":"https:\/\/shortmotorsport.com\/loja\/produto\/bolha-alta-policarbonato-bmw-g650-gs-com-defletor\/","url":"https:\/\/shortmotorsport.com\/loja\/produto\/bolha-alta-policarbonato-bmw-g650-gs-com-defletor\/","name":"Bolha Alta Policarbonato BMW G650 Gs com Defletor -","isPartOf":{"@id":"https:\/\/shortmotorsport.com\/loja\/#website"},"primaryImageOfPage":{"@id":"https:\/\/shortmotorsport.com\/loja\/produto\/bolha-alta-policarbonato-bmw-g650-gs-com-defletor\/#primaryimage"},"image":{"@id":"https:\/\/shortmotorsport.com\/loja\/produto\/bolha-alta-policarbonato-bmw-g650-gs-com-defletor\/#primaryimage"},"thumbnailUrl":"https:\/\/shortmotorsport.com\/loja\/wp-content\/uploads\/2017\/11\/bmw-andre.jpg","datePublished":"2017-11-13T21:45:23+00:00","dateModified":"2026-01-15T12:42:06+00:00","description":"Somos os maiores fabricantes de bolhas e para-brisas para motos do Brasil! Venha conhecer nossa loja e encontre o modelo ideal para sua moto.","breadcrumb":{"@id":"https:\/\/shortmotorsport.com\/loja\/produto\/bolha-alta-policarbonato-bmw-g650-gs-com-defletor\/#breadcrumb"},"inLanguage":"pt-BR","potentialAction":[{"@type":"ReadAction","target":["https:\/\/shortmotorsport.com\/loja\/produto\/bolha-alta-policarbonato-bmw-g650-gs-com-defletor\/"]}]},{"@type":"ImageObject","inLanguage":"pt-BR","@id":"https:\/\/shortmotorsport.com\/loja\/produto\/bolha-alta-policarbonato-bmw-g650-gs-com-defletor\/#primaryimage","url":"https:\/\/shortmotorsport.com\/loja\/wp-content\/uploads\/2017\/11\/bmw-andre.jpg","contentUrl":"https:\/\/shortmotorsport.com\/loja\/wp-content\/uploads\/2017\/11\/bmw-andre.jpg","width":1535,"height":1280},{"@type":"BreadcrumbList","@id":"https:\/\/shortmotorsport.com\/loja\/produto\/bolha-alta-policarbonato-bmw-g650-gs-com-defletor\/#breadcrumb","itemListElement":[{"@type":"ListItem","position":1,"name":"In\u00edcio","item":"https:\/\/shortmotorsport.com\/loja\/"},{"@type":"ListItem","position":2,"name":"Produtos","item":"https:\/\/shortmotorsport.com\/loja\/loja\/"},{"@type":"ListItem","position":3,"name":"Bolha Alta Policarbonato BMW G650 Gs com Defletor"}]},{"@type":"WebSite","@id":"https:\/\/shortmotorsport.com\/loja\/#website","url":"https:\/\/shortmotorsport.com\/loja\/","name":"","description":"","publisher":{"@id":"https:\/\/shortmotorsport.com\/loja\/#organization"},"potentialAction":[{"@type":"SearchAction","target":{"@type":"EntryPoint","urlTemplate":"https:\/\/shortmotorsport.com\/loja\/?s={search_term_string}"},"query-input":"required name=search_term_string"}],"inLanguage":"pt-BR"},{"@type":"Organization","@id":"https:\/\/shortmotorsport.com\/loja\/#organization","name":"Short Motorsport","url":"https:\/\/shortmotorsport.com\/loja\/","logo":{"@type":"ImageObject","inLanguage":"pt-BR","@id":"https:\/\/shortmotorsport.com\/loja\/#\/schema\/logo\/image\/","url":"https:\/\/shortmotorsport.com\/loja\/wp-content\/uploads\/2017\/11\/logo.png","contentUrl":"https:\/\/shortmotorsport.com\/loja\/wp-content\/uploads\/2017\/11\/logo.png","width":500,"height":96,"caption":"Short Motorsport"},"image":{"@id":"https:\/\/shortmotorsport.com\/loja\/#\/schema\/logo\/image\/"},"sameAs":["https:\/\/www.facebook.com\/shortmotorsport\/"]}]}},"_links":{"self":[{"href":"https:\/\/shortmotorsport.com\/loja\/wp-json\/wp\/v2\/product\/87"}],"collection":[{"href":"https:\/\/shortmotorsport.com\/loja\/wp-json\/wp\/v2\/product"}],"about":[{"href":"https:\/\/shortmotorsport.com\/loja\/wp-json\/wp\/v2\/types\/product"}],"replies":[{"embeddable":true,"href":"https:\/\/shortmotorsport.com\/loja\/wp-json\/wp\/v2\/comments?post=87"}],"wp:featuredmedia":[{"embeddable":true,"href":"https:\/\/shortmotorsport.com\/loja\/wp-json\/wp\/v2\/media\/600"}],"wp:attachment":[{"href":"https:\/\/shortmotorsport.com\/loja\/wp-json\/wp\/v2\/media?parent=87"}],"wp:term":[{"taxonomy":"product_cat","embeddable":true,"href":"https:\/\/shortmotorsport.com\/loja\/wp-json\/wp\/v2\/product_cat?post=87"},{"taxonomy":"product_tag","embeddable":true,"href":"https:\/\/shortmotorsport.com\/loja\/wp-json\/wp\/v2\/product_tag?post=87"}],"curies":[{"name":"wp","href":"https:\/\/api.w.org\/{rel}","templated":true}]}}